{"id":8096,"date":"2023-05-12T17:43:18","date_gmt":"2023-05-12T17:43:18","guid":{"rendered":"https:\/\/iluminaciontheus.com\/?page_id=8096"},"modified":"2023-06-07T21:16:00","modified_gmt":"2023-06-07T21:16:00","slug":"nosotros","status":"publish","type":"page","link":"https:\/\/iluminaciontheus.com\/index.php\/nosotros\/","title":{"rendered":"Nosotros"},"content":{"rendered":"\t\t<div data-elementor-type=\"wp-page\" data-elementor-id=\"8096\" class=\"elementor elementor-8096\">\n\t\t\t\t\t\t<section class=\"elementor-section elementor-top-section elementor-element elementor-element-10125a4 elementor-section-boxed elementor-section-height-default elementor-section-height-default\" data-id=\"10125a4\" data-element_type=\"section\" data-e-type=\"section\">\n\t\t\t\t\t\t<div class=\"elementor-container elementor-column-gap-default\">\n\t\t\t\t\t<div class=\"elementor-column elementor-col-100 elementor-top-column elementor-element elementor-element-98724aa\" data-id=\"98724aa\" data-element_type=\"column\" data-e-type=\"column\">\n\t\t\t<div class=\"elementor-widget-wrap elementor-element-populated\">\n\t\t\t\t\t\t<div class=\"elementor-element elementor-element-711e5f0 elementor-widget elementor-widget-heading\" data-id=\"711e5f0\" data-element_type=\"widget\" data-e-type=\"widget\" data-widget_type=\"heading.default\">\n\t\t\t\t<div class=\"elementor-widget-container\">\n\t\t\t\t\t<h2 class=\"elementor-heading-title elementor-size-default\">NUESTRA HISTORIA<\/h2>\t\t\t\t<\/div>\n\t\t\t\t<\/div>\n\t\t\t\t\t<\/div>\n\t\t<\/div>\n\t\t\t\t\t<\/div>\n\t\t<\/section>\n\t\t\t\t<section class=\"elementor-section elementor-top-section elementor-element elementor-element-318b7b6 elementor-section-boxed elementor-section-height-default elementor-section-height-default\" data-id=\"318b7b6\" data-element_type=\"section\" data-e-type=\"section\">\n\t\t\t\t\t\t<div class=\"elementor-container elementor-column-gap-default\">\n\t\t\t\t\t<div class=\"elementor-column elementor-col-100 elementor-top-column elementor-element elementor-element-52fb1e2\" data-id=\"52fb1e2\" data-element_type=\"column\" data-e-type=\"column\">\n\t\t\t<div class=\"elementor-widget-wrap elementor-element-populated\">\n\t\t\t\t\t\t<div class=\"elementor-element elementor-element-886e426 elementor-widget elementor-widget-text-editor\" data-id=\"886e426\" data-element_type=\"widget\" data-e-type=\"widget\" data-widget_type=\"text-editor.default\">\n\t\t\t\t<div class=\"elementor-widget-container\">\n\t\t\t\t\t\t\t\t\tA fines de los 80\u2032 THEUS inicia sus actividades a partir de la idea de desarrollar, en nuestro pa\u00eds, l\u00e1mparas para cirug\u00eda de modernos conceptos. Habiendo empezado s\u00f3lo con la producci\u00f3n, a baja escala, de luces frontales de variadas opciones (con fijaci\u00f3n para gorro de cirujano, arn\u00e9s y variador de intensidad), para luego, dar paso a modelos de l\u00e1mparas scialiticas de techo y con base rodante.\t\t\t\t\t\t\t\t<\/div>\n\t\t\t\t<\/div>\n\t\t\t\t\t<\/div>\n\t\t<\/div>\n\t\t\t\t\t<\/div>\n\t\t<\/section>\n\t\t\t\t<section class=\"elementor-section elementor-top-section elementor-element elementor-element-680580c elementor-section-boxed elementor-section-height-default elementor-section-height-default\" data-id=\"680580c\" data-element_type=\"section\" data-e-type=\"section\">\n\t\t\t\t\t\t<div class=\"elementor-container elementor-column-gap-default\">\n\t\t\t\t\t<div class=\"elementor-column elementor-col-100 elementor-top-column elementor-element elementor-element-17b54e9\" data-id=\"17b54e9\" data-element_type=\"column\" data-e-type=\"column\">\n\t\t\t<div class=\"elementor-widget-wrap elementor-element-populated\">\n\t\t\t\t\t\t<div class=\"elementor-element elementor-element-3e9b748 elementor-widget elementor-widget-text-editor\" data-id=\"3e9b748\" data-element_type=\"widget\" data-e-type=\"widget\" data-widget_type=\"text-editor.default\">\n\t\t\t\t<div class=\"elementor-widget-container\">\n\t\t\t\t\t\t\t\t\tActualmente, somos una empresa Argentina con proyecci\u00f3n nacional e internacional. THEUS, es reconocida en el sector de la Electromedicina por el alto nivel de calidad, tecnolog\u00eda y dise\u00f1o de los productos que fabrica.\t\t\t\t\t\t\t\t<\/div>\n\t\t\t\t<\/div>\n\t\t\t\t\t<\/div>\n\t\t<\/div>\n\t\t\t\t\t<\/div>\n\t\t<\/section>\n\t\t\t\t<section class=\"elementor-section elementor-top-section elementor-element elementor-element-e46e768 elementor-section-boxed elementor-section-height-default elementor-section-height-default\" data-id=\"e46e768\" data-element_type=\"section\" data-e-type=\"section\">\n\t\t\t\t\t\t<div class=\"elementor-container elementor-column-gap-default\">\n\t\t\t\t\t<div class=\"elementor-column elementor-col-100 elementor-top-column elementor-element elementor-element-f56f08d\" data-id=\"f56f08d\" data-element_type=\"column\" data-e-type=\"column\">\n\t\t\t<div class=\"elementor-widget-wrap elementor-element-populated\">\n\t\t\t\t\t\t<div class=\"elementor-element elementor-element-7e10bed elementor-widget elementor-widget-text-editor\" data-id=\"7e10bed\" data-element_type=\"widget\" data-e-type=\"widget\" data-widget_type=\"text-editor.default\">\n\t\t\t\t<div class=\"elementor-widget-container\">\n\t\t\t\t\t\t\t\t\tEn estos \u00faltimos a\u00f1os aumentamos nuestra cartera de productos, sin dejar el lineamiento de la empresa \u201cfabricar s\u00f3lo sistemas de iluminaci\u00f3n\u201d para poder mantener el justo equilibrio entre precio, calidad y servicio post venta.\t\t\t\t\t\t\t\t<\/div>\n\t\t\t\t<\/div>\n\t\t\t\t\t<\/div>\n\t\t<\/div>\n\t\t\t\t\t<\/div>\n\t\t<\/section>\n\t\t\t\t<section class=\"elementor-section elementor-top-section elementor-element elementor-element-b1e81b7 elementor-section-boxed elementor-section-height-default elementor-section-height-default\" data-id=\"b1e81b7\" data-element_type=\"section\" data-e-type=\"section\">\n\t\t\t\t\t\t<div class=\"elementor-container elementor-column-gap-default\">\n\t\t\t\t\t<div class=\"elementor-column elementor-col-100 elementor-top-column elementor-element elementor-element-0398968\" data-id=\"0398968\" data-element_type=\"column\" data-e-type=\"column\">\n\t\t\t<div class=\"elementor-widget-wrap elementor-element-populated\">\n\t\t\t\t\t\t<div class=\"elementor-element elementor-element-49abe7f elementor-widget elementor-widget-text-editor\" data-id=\"49abe7f\" data-element_type=\"widget\" data-e-type=\"widget\" data-widget_type=\"text-editor.default\">\n\t\t\t\t<div class=\"elementor-widget-container\">\n\t\t\t\t\t\t\t\t\tUna demostraci\u00f3n m\u00e1s del compromiso, es la creaci\u00f3n de GRUPO THEUS SA para brindar una continuidad del esp\u00edritu emprendedor que tiene la firma desde sus inicios.\t\t\t\t\t\t\t\t<\/div>\n\t\t\t\t<\/div>\n\t\t\t\t\t<\/div>\n\t\t<\/div>\n\t\t\t\t\t<\/div>\n\t\t<\/section>\n\t\t\t\t<section class=\"elementor-section elementor-top-section elementor-element elementor-element-b50135d elementor-section-boxed elementor-section-height-default elementor-section-height-default\" data-id=\"b50135d\" data-element_type=\"section\" data-e-type=\"section\">\n\t\t\t\t\t\t<div class=\"elementor-container elementor-column-gap-default\">\n\t\t\t\t\t<div class=\"elementor-column elementor-col-100 elementor-top-column elementor-element elementor-element-12e9d97\" data-id=\"12e9d97\" data-element_type=\"column\" data-e-type=\"column\">\n\t\t\t<div class=\"elementor-widget-wrap elementor-element-populated\">\n\t\t\t\t\t\t<div class=\"elementor-element elementor-element-a8ad487 elementor-position-left elementor-vertical-align-top elementor-widget elementor-widget-image-box\" data-id=\"a8ad487\" data-element_type=\"widget\" data-e-type=\"widget\" data-widget_type=\"image-box.default\">\n\t\t\t\t<div class=\"elementor-widget-container\">\n\t\t\t\t\t<div class=\"elementor-image-box-wrapper\"><figure class=\"elementor-image-box-img\"><img decoding=\"async\" width=\"37\" height=\"37\" src=\"https:\/\/iluminaciontheus.com\/wp-content\/uploads\/2023\/06\/check-icon-nosotros.jpg\" class=\"attachment-full size-full wp-image-8779\" alt=\"\" \/><\/figure><div class=\"elementor-image-box-content\"><p class=\"elementor-image-box-title\">MISI\u00d3N<\/p><p class=\"elementor-image-box-description\">Producir sistemas de iluminaci\u00f3n para cirug\u00eda, buscando con sus productos satisfacer las necesidades del usuario, brindando confiabilidad y buscando fabricar nuevos productos utilizando tecnolog\u00edas innovadoras para este mercado.<\/p><\/div><\/div>\t\t\t\t<\/div>\n\t\t\t\t<\/div>\n\t\t\t\t\t<\/div>\n\t\t<\/div>\n\t\t\t\t\t<\/div>\n\t\t<\/section>\n\t\t\t\t<section class=\"elementor-section elementor-top-section elementor-element elementor-element-90a0f81 elementor-section-boxed elementor-section-height-default elementor-section-height-default\" data-id=\"90a0f81\" data-element_type=\"section\" data-e-type=\"section\">\n\t\t\t\t\t\t<div class=\"elementor-container elementor-column-gap-default\">\n\t\t\t\t\t<div class=\"elementor-column elementor-col-100 elementor-top-column elementor-element elementor-element-9c70a85\" data-id=\"9c70a85\" data-element_type=\"column\" data-e-type=\"column\">\n\t\t\t<div class=\"elementor-widget-wrap elementor-element-populated\">\n\t\t\t\t\t\t<div class=\"elementor-element elementor-element-c3eea59 elementor-position-left elementor-vertical-align-top elementor-widget elementor-widget-image-box\" data-id=\"c3eea59\" data-element_type=\"widget\" data-e-type=\"widget\" data-widget_type=\"image-box.default\">\n\t\t\t\t<div class=\"elementor-widget-container\">\n\t\t\t\t\t<div class=\"elementor-image-box-wrapper\"><figure class=\"elementor-image-box-img\"><img decoding=\"async\" width=\"37\" height=\"37\" src=\"https:\/\/iluminaciontheus.com\/wp-content\/uploads\/2023\/06\/check-icon-nosotros.jpg\" class=\"attachment-full size-full wp-image-8779\" alt=\"\" \/><\/figure><div class=\"elementor-image-box-content\"><p class=\"elementor-image-box-title\">VISI\u00d3N<\/p><p class=\"elementor-image-box-description\">Lograr posicionarnos dentro del mercado local como referentes de excelente calidad, buscando ser proveedor de consulta obligado. Penetrar en los mercados de pa\u00edses lim\u00edtrofes, del MERCOSUR y del resto de Am\u00e9rica, Europa y de Oriente.<\/p><\/div><\/div>\t\t\t\t<\/div>\n\t\t\t\t<\/div>\n\t\t\t\t\t<\/div>\n\t\t<\/div>\n\t\t\t\t\t<\/div>\n\t\t<\/section>\n\t\t\t\t<section class=\"elementor-section elementor-top-section elementor-element elementor-element-1794d1f elementor-section-boxed elementor-section-height-default elementor-section-height-default\" data-id=\"1794d1f\" data-element_type=\"section\" data-e-type=\"section\">\n\t\t\t\t\t\t<div class=\"elementor-container elementor-column-gap-default\">\n\t\t\t\t\t<div class=\"elementor-column elementor-col-100 elementor-top-column elementor-element elementor-element-43aa6e0\" data-id=\"43aa6e0\" data-element_type=\"column\" data-e-type=\"column\">\n\t\t\t<div class=\"elementor-widget-wrap elementor-element-populated\">\n\t\t\t\t\t\t<div class=\"elementor-element elementor-element-c121952 elementor-position-left elementor-vertical-align-top elementor-widget elementor-widget-image-box\" data-id=\"c121952\" data-element_type=\"widget\" data-e-type=\"widget\" data-widget_type=\"image-box.default\">\n\t\t\t\t<div class=\"elementor-widget-container\">\n\t\t\t\t\t<div class=\"elementor-image-box-wrapper\"><figure class=\"elementor-image-box-img\"><img decoding=\"async\" width=\"37\" height=\"37\" src=\"https:\/\/iluminaciontheus.com\/wp-content\/uploads\/2023\/06\/check-icon-nosotros.jpg\" class=\"attachment-full size-full wp-image-8779\" alt=\"\" \/><\/figure><div class=\"elementor-image-box-content\"><p class=\"elementor-image-box-title\">POL\u00cdTICA DE CALIDAD<\/p><p class=\"elementor-image-box-description\">En GRUPO THEUS SA trabajamos apuntando a lograr una calidad que como base se enfoque en:\n<br>\n\u2013 Satisfacer a nuestros distribuidores, que son nuestros clientes directos, cumpliendo con las pautas establecidas para la venta y entrega de mercader\u00eda, y satisfacer al usuario, cumpliendo las expectativas tanto del rendimiento de los equipos como a la hora de realizar un asesoramiento y servicio t\u00e9cnico.\n<br>\n \u2013 Fabricar nuestros productos encuadrados dentro de la legislaci\u00f3n vigente, cumpliendo con los requisitos aplicables.\n<br>\n\u2013 Mantener a todos los integrantes de la empresa concientizados con sus responsabilidades, cubiertas sus necesidades e informados del funcionamiento de la empresa bajo los Sistemas de Gesti\u00f3n de Calidad.\n<br>\n\u2013 Trabajando con nuestros proveedores a la par, para mejorar sus metodolog\u00edas de trabajo y as\u00ed elevar la calidad de nuestros productos. \n<br>\n\u2013 Mantener un pensamiento que, desde el principio, se bas\u00f3 en la mejora continua, buscando eficientizar el proceso de fabricaci\u00f3n y con ello, los productos en s\u00ed mismos.\n<br>\n \u2013 Contemplar un Sistema de Gesti\u00f3n de Calidad, conforme a las Buenas Pr\u00e1cticas de Fabricaci\u00f3n, que garantice productos seguros, eficaces y adecuados al uso pretendido.<\/p><\/div><\/div>\t\t\t\t<\/div>\n\t\t\t\t<\/div>\n\t\t\t\t\t<\/div>\n\t\t<\/div>\n\t\t\t\t\t<\/div>\n\t\t<\/section>\n\t\t\t\t<\/div>\n\t\t","protected":false},"excerpt":{"rendered":"<p>NUESTRA HISTORIA A fines de los 80\u2032 THEUS inicia sus actividades a partir de la idea de desarrollar, en nuestro pa\u00eds, l\u00e1mparas para cirug\u00eda de modernos conceptos. Habiendo empezado s\u00f3lo con la producci\u00f3n, a baja escala, de luces frontales de variadas opciones (con fijaci\u00f3n para gorro de cirujano, arn\u00e9s y variador de intensidad), para luego, &hellip; <a href=\"https:\/\/iluminaciontheus.com\/index.php\/nosotros\/\" class=\"more-link\">Continue reading <span class=\"screen-reader-text\">Nosotros<\/span><\/a><\/p>\n","protected":false},"author":1,"featured_media":0,"parent":0,"menu_order":0,"comment_status":"closed","ping_status":"closed","template":"","meta":{"footnotes":""},"class_list":["post-8096","page","type-page","status-publish","hentry"],"yoast_head":"<!-- This site is optimized with the Yoast SEO plugin v27.5 - https:\/\/yoast.com\/product\/yoast-seo-wordpress\/ -->\n<title>Nosotros - Theus<\/title>\n<meta name=\"robots\" content=\"index, follow, max-snippet:-1, max-image-preview:large, max-video-preview:-1\" \/>\n<link rel=\"canonical\" href=\"https:\/\/iluminaciontheus.com\/index.php\/nosotros\/\" \/>\n<meta property=\"og:locale\" content=\"es_ES\" \/>\n<meta property=\"og:type\" content=\"article\" \/>\n<meta property=\"og:title\" content=\"Nosotros - Theus\" \/>\n<meta property=\"og:description\" content=\"NUESTRA HISTORIA A fines de los 80\u2032 THEUS inicia sus actividades a partir de la idea de desarrollar, en nuestro pa\u00eds, l\u00e1mparas para cirug\u00eda de modernos conceptos. Habiendo empezado s\u00f3lo con la producci\u00f3n, a baja escala, de luces frontales de variadas opciones (con fijaci\u00f3n para gorro de cirujano, arn\u00e9s y variador de intensidad), para luego, &hellip; Continue reading Nosotros\" \/>\n<meta property=\"og:url\" content=\"https:\/\/iluminaciontheus.com\/index.php\/nosotros\/\" \/>\n<meta property=\"og:site_name\" content=\"Theus\" \/>\n<meta property=\"article:modified_time\" content=\"2023-06-07T21:16:00+00:00\" \/>\n<meta property=\"og:image\" content=\"https:\/\/iluminaciontheus.com\/wp-content\/uploads\/2023\/06\/check-icon-nosotros.jpg\" \/>\n<meta name=\"twitter:card\" content=\"summary_large_image\" \/>\n<meta name=\"twitter:label1\" content=\"Tiempo de lectura\" \/>\n\t<meta name=\"twitter:data1\" content=\"3 minutos\" \/>\n<script type=\"application\/ld+json\" class=\"yoast-schema-graph\">{\"@context\":\"https:\\\/\\\/schema.org\",\"@graph\":[{\"@type\":\"WebPage\",\"@id\":\"https:\\\/\\\/iluminaciontheus.com\\\/index.php\\\/nosotros\\\/\",\"url\":\"https:\\\/\\\/iluminaciontheus.com\\\/index.php\\\/nosotros\\\/\",\"name\":\"Nosotros - Theus\",\"isPartOf\":{\"@id\":\"https:\\\/\\\/iluminaciontheus.com\\\/#website\"},\"primaryImageOfPage\":{\"@id\":\"https:\\\/\\\/iluminaciontheus.com\\\/index.php\\\/nosotros\\\/#primaryimage\"},\"image\":{\"@id\":\"https:\\\/\\\/iluminaciontheus.com\\\/index.php\\\/nosotros\\\/#primaryimage\"},\"thumbnailUrl\":\"https:\\\/\\\/iluminaciontheus.com\\\/wp-content\\\/uploads\\\/2023\\\/06\\\/check-icon-nosotros.jpg\",\"datePublished\":\"2023-05-12T17:43:18+00:00\",\"dateModified\":\"2023-06-07T21:16:00+00:00\",\"breadcrumb\":{\"@id\":\"https:\\\/\\\/iluminaciontheus.com\\\/index.php\\\/nosotros\\\/#breadcrumb\"},\"inLanguage\":\"es\",\"potentialAction\":[{\"@type\":\"ReadAction\",\"target\":[\"https:\\\/\\\/iluminaciontheus.com\\\/index.php\\\/nosotros\\\/\"]}]},{\"@type\":\"ImageObject\",\"inLanguage\":\"es\",\"@id\":\"https:\\\/\\\/iluminaciontheus.com\\\/index.php\\\/nosotros\\\/#primaryimage\",\"url\":\"\",\"contentUrl\":\"\"},{\"@type\":\"BreadcrumbList\",\"@id\":\"https:\\\/\\\/iluminaciontheus.com\\\/index.php\\\/nosotros\\\/#breadcrumb\",\"itemListElement\":[{\"@type\":\"ListItem\",\"position\":1,\"name\":\"Portada\",\"item\":\"https:\\\/\\\/iluminaciontheus.com\\\/\"},{\"@type\":\"ListItem\",\"position\":2,\"name\":\"Nosotros\"}]},{\"@type\":\"WebSite\",\"@id\":\"https:\\\/\\\/iluminaciontheus.com\\\/#website\",\"url\":\"https:\\\/\\\/iluminaciontheus.com\\\/\",\"name\":\"Theus\",\"description\":\"\",\"potentialAction\":[{\"@type\":\"SearchAction\",\"target\":{\"@type\":\"EntryPoint\",\"urlTemplate\":\"https:\\\/\\\/iluminaciontheus.com\\\/?s={search_term_string}\"},\"query-input\":{\"@type\":\"PropertyValueSpecification\",\"valueRequired\":true,\"valueName\":\"search_term_string\"}}],\"inLanguage\":\"es\"}]}<\/script>\n<!-- \/ Yoast SEO plugin. -->","yoast_head_json":{"title":"Nosotros - Theus","robots":{"index":"index","follow":"follow","max-snippet":"max-snippet:-1","max-image-preview":"max-image-preview:large","max-video-preview":"max-video-preview:-1"},"canonical":"https:\/\/iluminaciontheus.com\/index.php\/nosotros\/","og_locale":"es_ES","og_type":"article","og_title":"Nosotros - Theus","og_description":"NUESTRA HISTORIA A fines de los 80\u2032 THEUS inicia sus actividades a partir de la idea de desarrollar, en nuestro pa\u00eds, l\u00e1mparas para cirug\u00eda de modernos conceptos. Habiendo empezado s\u00f3lo con la producci\u00f3n, a baja escala, de luces frontales de variadas opciones (con fijaci\u00f3n para gorro de cirujano, arn\u00e9s y variador de intensidad), para luego, &hellip; Continue reading Nosotros","og_url":"https:\/\/iluminaciontheus.com\/index.php\/nosotros\/","og_site_name":"Theus","article_modified_time":"2023-06-07T21:16:00+00:00","og_image":[{"url":"https:\/\/iluminaciontheus.com\/wp-content\/uploads\/2023\/06\/check-icon-nosotros.jpg","type":"","width":"","height":""}],"twitter_card":"summary_large_image","twitter_misc":{"Tiempo de lectura":"3 minutos"},"schema":{"@context":"https:\/\/schema.org","@graph":[{"@type":"WebPage","@id":"https:\/\/iluminaciontheus.com\/index.php\/nosotros\/","url":"https:\/\/iluminaciontheus.com\/index.php\/nosotros\/","name":"Nosotros - Theus","isPartOf":{"@id":"https:\/\/iluminaciontheus.com\/#website"},"primaryImageOfPage":{"@id":"https:\/\/iluminaciontheus.com\/index.php\/nosotros\/#primaryimage"},"image":{"@id":"https:\/\/iluminaciontheus.com\/index.php\/nosotros\/#primaryimage"},"thumbnailUrl":"https:\/\/iluminaciontheus.com\/wp-content\/uploads\/2023\/06\/check-icon-nosotros.jpg","datePublished":"2023-05-12T17:43:18+00:00","dateModified":"2023-06-07T21:16:00+00:00","breadcrumb":{"@id":"https:\/\/iluminaciontheus.com\/index.php\/nosotros\/#breadcrumb"},"inLanguage":"es","potentialAction":[{"@type":"ReadAction","target":["https:\/\/iluminaciontheus.com\/index.php\/nosotros\/"]}]},{"@type":"ImageObject","inLanguage":"es","@id":"https:\/\/iluminaciontheus.com\/index.php\/nosotros\/#primaryimage","url":"","contentUrl":""},{"@type":"BreadcrumbList","@id":"https:\/\/iluminaciontheus.com\/index.php\/nosotros\/#breadcrumb","itemListElement":[{"@type":"ListItem","position":1,"name":"Portada","item":"https:\/\/iluminaciontheus.com\/"},{"@type":"ListItem","position":2,"name":"Nosotros"}]},{"@type":"WebSite","@id":"https:\/\/iluminaciontheus.com\/#website","url":"https:\/\/iluminaciontheus.com\/","name":"Theus","description":"","potentialAction":[{"@type":"SearchAction","target":{"@type":"EntryPoint","urlTemplate":"https:\/\/iluminaciontheus.com\/?s={search_term_string}"},"query-input":{"@type":"PropertyValueSpecification","valueRequired":true,"valueName":"search_term_string"}}],"inLanguage":"es"}]}},"_links":{"self":[{"href":"https:\/\/iluminaciontheus.com\/index.php\/wp-json\/wp\/v2\/pages\/8096","targetHints":{"allow":["GET"]}}],"collection":[{"href":"https:\/\/iluminaciontheus.com\/index.php\/wp-json\/wp\/v2\/pages"}],"about":[{"href":"https:\/\/iluminaciontheus.com\/index.php\/wp-json\/wp\/v2\/types\/page"}],"author":[{"embeddable":true,"href":"https:\/\/iluminaciontheus.com\/index.php\/wp-json\/wp\/v2\/users\/1"}],"replies":[{"embeddable":true,"href":"https:\/\/iluminaciontheus.com\/index.php\/wp-json\/wp\/v2\/comments?post=8096"}],"version-history":[{"count":61,"href":"https:\/\/iluminaciontheus.com\/index.php\/wp-json\/wp\/v2\/pages\/8096\/revisions"}],"predecessor-version":[{"id":8807,"href":"https:\/\/iluminaciontheus.com\/index.php\/wp-json\/wp\/v2\/pages\/8096\/revisions\/8807"}],"wp:attachment":[{"href":"https:\/\/iluminaciontheus.com\/index.php\/wp-json\/wp\/v2\/media?parent=8096"}],"curies":[{"name":"wp","href":"https:\/\/api.w.org\/{rel}","templated":true}]}}