{"id":8097,"date":"2023-05-12T17:43:25","date_gmt":"2023-05-12T17:43:25","guid":{"rendered":"https:\/\/iluminaciontheus.com\/?page_id=8097"},"modified":"2023-06-15T18:40:54","modified_gmt":"2023-06-15T18:40:54","slug":"servicios","status":"publish","type":"page","link":"https:\/\/iluminaciontheus.com\/index.php\/servicios\/","title":{"rendered":"Servicios"},"content":{"rendered":"\t\t<div data-elementor-type=\"wp-page\" data-elementor-id=\"8097\" class=\"elementor elementor-8097\">\n\t\t\t\t\t\t<section class=\"elementor-section elementor-top-section elementor-element elementor-element-81e5c8c elementor-section-boxed elementor-section-height-default elementor-section-height-default\" data-id=\"81e5c8c\" data-element_type=\"section\" data-e-type=\"section\">\n\t\t\t\t\t\t<div class=\"elementor-container elementor-column-gap-default\">\n\t\t\t\t\t<div class=\"elementor-column elementor-col-100 elementor-top-column elementor-element elementor-element-6c9aefa\" data-id=\"6c9aefa\" data-element_type=\"column\" data-e-type=\"column\">\n\t\t\t<div class=\"elementor-widget-wrap elementor-element-populated\">\n\t\t\t\t\t\t<div class=\"elementor-element elementor-element-601e611 elementor-widget elementor-widget-heading\" data-id=\"601e611\" data-element_type=\"widget\" data-e-type=\"widget\" data-widget_type=\"heading.default\">\n\t\t\t\t<div class=\"elementor-widget-container\">\n\t\t\t\t\t<h2 class=\"elementor-heading-title elementor-size-default\">SERVICIOS<\/h2>\t\t\t\t<\/div>\n\t\t\t\t<\/div>\n\t\t\t\t\t<\/div>\n\t\t<\/div>\n\t\t\t\t\t<\/div>\n\t\t<\/section>\n\t\t\t\t<section class=\"elementor-section elementor-top-section elementor-element elementor-element-235fb16 elementor-section-boxed elementor-section-height-default elementor-section-height-default\" data-id=\"235fb16\" data-element_type=\"section\" data-e-type=\"section\">\n\t\t\t\t\t\t<div class=\"elementor-container elementor-column-gap-default\">\n\t\t\t\t\t<div class=\"elementor-column elementor-col-100 elementor-top-column elementor-element elementor-element-0198607\" data-id=\"0198607\" data-element_type=\"column\" data-e-type=\"column\">\n\t\t\t<div class=\"elementor-widget-wrap elementor-element-populated\">\n\t\t\t\t\t\t<div class=\"elementor-element elementor-element-d99a83f elementor-widget elementor-widget-text-editor\" data-id=\"d99a83f\" data-element_type=\"widget\" data-e-type=\"widget\" data-widget_type=\"text-editor.default\">\n\t\t\t\t<div class=\"elementor-widget-container\">\n\t\t\t\t\t\t\t\t\t<p><b>GRUPO THEUS<\/b> cuenta con un plantel de t\u00e9cnicos especializados, para dar soluci\u00f3n a cualquier problema que se suceda en todos nuestros modelos de sistema de iluminaci\u00f3n quir\u00fargica, sin importar la antig\u00fcedad de los mismos.<\/p>\t\t\t\t\t\t\t\t<\/div>\n\t\t\t\t<\/div>\n\t\t\t\t\t<\/div>\n\t\t<\/div>\n\t\t\t\t\t<\/div>\n\t\t<\/section>\n\t\t\t\t<section class=\"elementor-section elementor-top-section elementor-element elementor-element-0ee33ea elementor-section-boxed elementor-section-height-default elementor-section-height-default\" data-id=\"0ee33ea\" data-element_type=\"section\" data-e-type=\"section\">\n\t\t\t\t\t\t<div class=\"elementor-container elementor-column-gap-default\">\n\t\t\t\t\t<div class=\"elementor-column elementor-col-100 elementor-top-column elementor-element elementor-element-6c21c77\" data-id=\"6c21c77\" data-element_type=\"column\" data-e-type=\"column\">\n\t\t\t<div class=\"elementor-widget-wrap elementor-element-populated\">\n\t\t\t\t\t\t<div class=\"elementor-element elementor-element-7fe2d23 elementor-widget elementor-widget-text-editor\" data-id=\"7fe2d23\" data-element_type=\"widget\" data-e-type=\"widget\" data-widget_type=\"text-editor.default\">\n\t\t\t\t<div class=\"elementor-widget-container\">\n\t\t\t\t\t\t\t\t\tPara la solicitud del servicio t\u00e9cnico, ante cualquier falla o duda durante la instalaci\u00f3n, mantenimiento, reparaci\u00f3n, recomendamos contactarse a nuestros tel\u00e9fonos: 011 4602-5077\u00a0 011 5323-5534\/45. O bien a nuestra casilla de correo:\u00a0<span style=\"color: #0099cc;\"><a style=\"color: #0099cc;\" href=\"mailto:mailt:info@iluminaciontheus.com\" target=\"_blank\" rel=\"noopener\">info@iluminaciontheus.com<\/a><\/span>.\t\t\t\t\t\t\t\t<\/div>\n\t\t\t\t<\/div>\n\t\t\t\t\t<\/div>\n\t\t<\/div>\n\t\t\t\t\t<\/div>\n\t\t<\/section>\n\t\t\t\t<section class=\"elementor-section elementor-top-section elementor-element elementor-element-3ee64cf elementor-section-boxed elementor-section-height-default elementor-section-height-default\" data-id=\"3ee64cf\" data-element_type=\"section\" data-e-type=\"section\">\n\t\t\t\t\t\t<div class=\"elementor-container elementor-column-gap-default\">\n\t\t\t\t\t<div class=\"elementor-column elementor-col-100 elementor-top-column elementor-element elementor-element-c117429\" data-id=\"c117429\" data-element_type=\"column\" data-e-type=\"column\">\n\t\t\t<div class=\"elementor-widget-wrap elementor-element-populated\">\n\t\t\t\t\t\t<div class=\"elementor-element elementor-element-76784d1 elementor-widget elementor-widget-text-editor\" data-id=\"76784d1\" data-element_type=\"widget\" data-e-type=\"widget\" data-widget_type=\"text-editor.default\">\n\t\t\t\t<div class=\"elementor-widget-container\">\n\t\t\t\t\t\t\t\t\tSERVICIOS\t\t\t\t\t\t\t\t<\/div>\n\t\t\t\t<\/div>\n\t\t\t\t\t<\/div>\n\t\t<\/div>\n\t\t\t\t\t<\/div>\n\t\t<\/section>\n\t\t\t\t<section class=\"elementor-section elementor-top-section elementor-element elementor-element-4adb872 elementor-section-boxed elementor-section-height-default elementor-section-height-default\" data-id=\"4adb872\" data-element_type=\"section\" data-e-type=\"section\">\n\t\t\t\t\t\t<div class=\"elementor-container elementor-column-gap-default\">\n\t\t\t\t\t<div class=\"elementor-column elementor-col-50 elementor-top-column elementor-element elementor-element-e5a5f7a\" data-id=\"e5a5f7a\" data-element_type=\"column\" data-e-type=\"column\">\n\t\t\t<div class=\"elementor-widget-wrap elementor-element-populated\">\n\t\t\t\t\t\t<div class=\"elementor-element elementor-element-71b8e5b elementor-widget elementor-widget-text-editor\" data-id=\"71b8e5b\" data-element_type=\"widget\" data-e-type=\"widget\" data-widget_type=\"text-editor.default\">\n\t\t\t\t<div class=\"elementor-widget-container\">\n\t\t\t\t\t\t\t\t\tADECUACI\u00d3N TECNOL\u00d3GICA\t\t\t\t\t\t\t\t<\/div>\n\t\t\t\t<\/div>\n\t\t\t\t<div class=\"elementor-element elementor-element-860e711 elementor-widget elementor-widget-text-editor\" data-id=\"860e711\" data-element_type=\"widget\" data-e-type=\"widget\" data-widget_type=\"text-editor.default\">\n\t\t\t\t<div class=\"elementor-widget-container\">\n\t\t\t\t\t\t\t\t\tA partir de la incorporaci\u00f3n de la tecnolog\u00eda led, podemos darle respuesta a todos nuestros clientes que poseen equipos de nuestra marca, con distintos sistemas de iluminaci\u00f3n (gaseoso\/filamento), por eso es que lanzamos el llamado \u201cPlan Renovaci\u00f3n\u201d: todos los usuarios de THEUS I o de RIGUEL 540 podr\u00e1n sustituir el\/los brazo\/s pantalla, por un sistema de led, realiz\u00e1ndose directamente con la seguridad y la garant\u00eda de f\u00e1brica.\t\t\t\t\t\t\t\t<\/div>\n\t\t\t\t<\/div>\n\t\t\t\t<div class=\"elementor-element elementor-element-f534421 elementor-widget elementor-widget-text-editor\" data-id=\"f534421\" data-element_type=\"widget\" data-e-type=\"widget\" data-widget_type=\"text-editor.default\">\n\t\t\t\t<div class=\"elementor-widget-container\">\n\t\t\t\t\t\t\t\t\tDe \u00e9sta manera, se puede adecuar cualquier sistema lum\u00ednico THEUS, en un equipo tecnol\u00f3gicamente actual, lo cual le brinda un producto totalmente renovado.\t\t\t\t\t\t\t\t<\/div>\n\t\t\t\t<\/div>\n\t\t\t\t<div class=\"elementor-element elementor-element-cf2b5b5 elementor-widget elementor-widget-text-editor\" data-id=\"cf2b5b5\" data-element_type=\"widget\" data-e-type=\"widget\" data-widget_type=\"text-editor.default\">\n\t\t\t\t<div class=\"elementor-widget-container\">\n\t\t\t\t\t\t\t\t\tENSAYOS DE LUMINANCIA EN QUIR\u00d3FANOS\t\t\t\t\t\t\t\t<\/div>\n\t\t\t\t<\/div>\n\t\t\t\t<div class=\"elementor-element elementor-element-86ede60 elementor-widget elementor-widget-text-editor\" data-id=\"86ede60\" data-element_type=\"widget\" data-e-type=\"widget\" data-widget_type=\"text-editor.default\">\n\t\t\t\t<div class=\"elementor-widget-container\">\n\t\t\t\t\t\t\t\t\tGracias a este servicio que brindamos a las instituciones, se puede corroborar la potencia lum\u00ednica y el estado general que poseen los equipos fabricados por GRUPO THEUS. El ensayo se realiza con lux\u00f3metro patr\u00f3n y certificado emitido por el fabricante, pudiendo comparar la evoluci\u00f3n del estado a trav\u00e9s del tiempo.\t\t\t\t\t\t\t\t<\/div>\n\t\t\t\t<\/div>\n\t\t\t\t\t<\/div>\n\t\t<\/div>\n\t\t\t\t<div class=\"elementor-column elementor-col-50 elementor-top-column elementor-element elementor-element-e5b4045\" data-id=\"e5b4045\" data-element_type=\"column\" data-e-type=\"column\">\n\t\t\t<div class=\"elementor-widget-wrap elementor-element-populated\">\n\t\t\t\t\t\t<div class=\"elementor-element elementor-element-bcd7fd8 e-transform elementor-widget elementor-widget-image\" data-id=\"bcd7fd8\" data-element_type=\"widget\" data-e-type=\"widget\" data-settings=\"{&quot;_transform_scale_effect_hover&quot;:{&quot;unit&quot;:&quot;px&quot;,&quot;size&quot;:1.100000000000000088817841970012523233890533447265625,&quot;sizes&quot;:[]},&quot;_transform_scale_effect_hover_tablet&quot;:{&quot;unit&quot;:&quot;px&quot;,&quot;size&quot;:&quot;&quot;,&quot;sizes&quot;:[]},&quot;_transform_scale_effect_hover_mobile&quot;:{&quot;unit&quot;:&quot;px&quot;,&quot;size&quot;:&quot;&quot;,&quot;sizes&quot;:[]}}\" data-widget_type=\"image.default\">\n\t\t\t\t<div class=\"elementor-widget-container\">\n\t\t\t\t\t\t\t\t\t\t\t\t\t\t\t\t<a href=\"https:\/\/dws3.com.ar\/theus-sitio\/wp-content\/uploads\/2023\/06\/plan-canje.jpg\">\n\t\t\t\t\t\t\t<img fetchpriority=\"high\" decoding=\"async\" width=\"311\" height=\"440\" src=\"https:\/\/iluminaciontheus.com\/wp-content\/uploads\/2023\/06\/plan-canje-311x440.jpg\" class=\"attachment-large size-large wp-image-8975\" alt=\"\" \/>\t\t\t\t\t\t\t\t<\/a>\n\t\t\t\t\t\t\t\t\t\t\t\t\t\t\t<\/div>\n\t\t\t\t<\/div>\n\t\t\t\t\t<\/div>\n\t\t<\/div>\n\t\t\t\t\t<\/div>\n\t\t<\/section>\n\t\t\t\t<section class=\"elementor-section elementor-top-section elementor-element elementor-element-57a9e82 elementor-section-boxed elementor-section-height-default elementor-section-height-default\" data-id=\"57a9e82\" data-element_type=\"section\" data-e-type=\"section\">\n\t\t\t\t\t\t<div class=\"elementor-container elementor-column-gap-default\">\n\t\t\t\t\t<div class=\"elementor-column elementor-col-100 elementor-top-column elementor-element elementor-element-9234394\" data-id=\"9234394\" data-element_type=\"column\" data-e-type=\"column\">\n\t\t\t<div class=\"elementor-widget-wrap elementor-element-populated\">\n\t\t\t\t\t\t<div class=\"elementor-element elementor-element-916962a elementor-widget elementor-widget-text-editor\" data-id=\"916962a\" data-element_type=\"widget\" data-e-type=\"widget\" data-widget_type=\"text-editor.default\">\n\t\t\t\t<div class=\"elementor-widget-container\">\n\t\t\t\t\t\t\t\t\tAlgunos de nuestros trabajos realizados:\t\t\t\t\t\t\t\t<\/div>\n\t\t\t\t<\/div>\n\t\t\t\t\t<\/div>\n\t\t<\/div>\n\t\t\t\t\t<\/div>\n\t\t<\/section>\n\t\t\t\t<section class=\"elementor-section elementor-top-section elementor-element elementor-element-76e381f elementor-section-boxed elementor-section-height-default elementor-section-height-default\" data-id=\"76e381f\" data-element_type=\"section\" data-e-type=\"section\">\n\t\t\t\t\t\t<div class=\"elementor-container elementor-column-gap-default\">\n\t\t\t\t\t<div class=\"elementor-column elementor-col-100 elementor-top-column elementor-element elementor-element-5230c28\" data-id=\"5230c28\" data-element_type=\"column\" data-e-type=\"column\">\n\t\t\t<div class=\"elementor-widget-wrap elementor-element-populated\">\n\t\t\t\t\t\t<div class=\"elementor-element elementor-element-28a3bfc elementor-widget-divider--view-line elementor-widget elementor-widget-divider\" data-id=\"28a3bfc\" data-element_type=\"widget\" data-e-type=\"widget\" data-widget_type=\"divider.default\">\n\t\t\t\t<div class=\"elementor-widget-container\">\n\t\t\t\t\t\t\t<div class=\"elementor-divider\">\n\t\t\t<span class=\"elementor-divider-separator\">\n\t\t\t\t\t\t<\/span>\n\t\t<\/div>\n\t\t\t\t\t\t<\/div>\n\t\t\t\t<\/div>\n\t\t\t\t\t<\/div>\n\t\t<\/div>\n\t\t\t\t\t<\/div>\n\t\t<\/section>\n\t\t\t\t<section class=\"elementor-section elementor-top-section elementor-element elementor-element-b21cd24 elementor-section-boxed elementor-section-height-default elementor-section-height-default\" data-id=\"b21cd24\" data-element_type=\"section\" data-e-type=\"section\">\n\t\t\t\t\t\t<div class=\"elementor-container elementor-column-gap-default\">\n\t\t\t\t\t<div class=\"elementor-column elementor-col-100 elementor-top-column elementor-element elementor-element-33a8a62\" data-id=\"33a8a62\" data-element_type=\"column\" data-e-type=\"column\">\n\t\t\t<div class=\"elementor-widget-wrap elementor-element-populated\">\n\t\t\t\t\t\t<div class=\"elementor-element elementor-element-b64ff95 e-transform elementor-widget elementor-widget-image-gallery\" data-id=\"b64ff95\" data-element_type=\"widget\" data-e-type=\"widget\" data-settings=\"{&quot;_transform_scaleX_effect_hover&quot;:{&quot;unit&quot;:&quot;px&quot;,&quot;size&quot;:&quot;&quot;,&quot;sizes&quot;:[]},&quot;_transform_scaleX_effect_hover_tablet&quot;:{&quot;unit&quot;:&quot;px&quot;,&quot;size&quot;:&quot;&quot;,&quot;sizes&quot;:[]},&quot;_transform_scaleX_effect_hover_mobile&quot;:{&quot;unit&quot;:&quot;px&quot;,&quot;size&quot;:&quot;&quot;,&quot;sizes&quot;:[]},&quot;_transform_scaleY_effect_hover&quot;:{&quot;unit&quot;:&quot;px&quot;,&quot;size&quot;:&quot;&quot;,&quot;sizes&quot;:[]},&quot;_transform_scaleY_effect_hover_tablet&quot;:{&quot;unit&quot;:&quot;px&quot;,&quot;size&quot;:&quot;&quot;,&quot;sizes&quot;:[]},&quot;_transform_scaleY_effect_hover_mobile&quot;:{&quot;unit&quot;:&quot;px&quot;,&quot;size&quot;:&quot;&quot;,&quot;sizes&quot;:[]}}\" data-widget_type=\"image-gallery.default\">\n\t\t\t\t<div class=\"elementor-widget-container\">\n\t\t\t\t\t\t\t<div class=\"elementor-image-gallery\">\n\t\t\t<div id='gallery-1' class='gallery galleryid-8097 gallery-columns-4 gallery-size-full'><figure class='gallery-item'>\n\t\t\t<div class='gallery-icon landscape'>\n\t\t\t\t<a data-elementor-open-lightbox=\"yes\" data-elementor-lightbox-slideshow=\"b64ff95\" data-elementor-lightbox-title=\"ensayos-de-luminancia-en-quirofanos-01\" data-e-action-hash=\"#elementor-action%3Aaction%3Dlightbox%26settings%3DeyJpZCI6ODgzMCwidXJsIjoiaHR0cHM6XC9cL2lsdW1pbmFjaW9udGhldXMuY29tXC93cC1jb250ZW50XC91cGxvYWRzXC8yMDIzXC8wNlwvZW5zYXlvcy1kZS1sdW1pbmFuY2lhLWVuLXF1aXJvZmFub3MtMDEuanBnIiwic2xpZGVzaG93IjoiYjY0ZmY5NSJ9\" href='https:\/\/iluminaciontheus.com\/wp-content\/uploads\/2023\/06\/ensayos-de-luminancia-en-quirofanos-01.jpg'><img decoding=\"async\" width=\"600\" height=\"450\" src=\"https:\/\/iluminaciontheus.com\/wp-content\/uploads\/2023\/06\/ensayos-de-luminancia-en-quirofanos-01.jpg\" class=\"attachment-full size-full\" alt=\"\" \/><\/a>\n\t\t\t<\/div><\/figure><figure class='gallery-item'>\n\t\t\t<div class='gallery-icon landscape'>\n\t\t\t\t<a data-elementor-open-lightbox=\"yes\" data-elementor-lightbox-slideshow=\"b64ff95\" data-elementor-lightbox-title=\"ensayos-de-luminancia-en-quirofanos-02\" data-e-action-hash=\"#elementor-action%3Aaction%3Dlightbox%26settings%3DeyJpZCI6ODgzMSwidXJsIjoiaHR0cHM6XC9cL2lsdW1pbmFjaW9udGhldXMuY29tXC93cC1jb250ZW50XC91cGxvYWRzXC8yMDIzXC8wNlwvZW5zYXlvcy1kZS1sdW1pbmFuY2lhLWVuLXF1aXJvZmFub3MtMDIuanBnIiwic2xpZGVzaG93IjoiYjY0ZmY5NSJ9\" href='https:\/\/iluminaciontheus.com\/wp-content\/uploads\/2023\/06\/ensayos-de-luminancia-en-quirofanos-02.jpg'><img decoding=\"async\" width=\"600\" height=\"450\" src=\"https:\/\/iluminaciontheus.com\/wp-content\/uploads\/2023\/06\/ensayos-de-luminancia-en-quirofanos-02.jpg\" class=\"attachment-full size-full\" alt=\"\" \/><\/a>\n\t\t\t<\/div><\/figure><figure class='gallery-item'>\n\t\t\t<div class='gallery-icon landscape'>\n\t\t\t\t<a data-elementor-open-lightbox=\"yes\" data-elementor-lightbox-slideshow=\"b64ff95\" data-elementor-lightbox-title=\"ensayos-de-luminancia-en-quirofanos-03\" data-e-action-hash=\"#elementor-action%3Aaction%3Dlightbox%26settings%3DeyJpZCI6ODgzMiwidXJsIjoiaHR0cHM6XC9cL2lsdW1pbmFjaW9udGhldXMuY29tXC93cC1jb250ZW50XC91cGxvYWRzXC8yMDIzXC8wNlwvZW5zYXlvcy1kZS1sdW1pbmFuY2lhLWVuLXF1aXJvZmFub3MtMDMuanBnIiwic2xpZGVzaG93IjoiYjY0ZmY5NSJ9\" href='https:\/\/iluminaciontheus.com\/wp-content\/uploads\/2023\/06\/ensayos-de-luminancia-en-quirofanos-03.jpg'><img loading=\"lazy\" decoding=\"async\" width=\"600\" height=\"450\" src=\"https:\/\/iluminaciontheus.com\/wp-content\/uploads\/2023\/06\/ensayos-de-luminancia-en-quirofanos-03.jpg\" class=\"attachment-full size-full\" alt=\"\" \/><\/a>\n\t\t\t<\/div><\/figure><figure class='gallery-item'>\n\t\t\t<div class='gallery-icon landscape'>\n\t\t\t\t<a data-elementor-open-lightbox=\"yes\" data-elementor-lightbox-slideshow=\"b64ff95\" data-elementor-lightbox-title=\"ensayos-de-luminancia-en-quirofanos-04\" data-e-action-hash=\"#elementor-action%3Aaction%3Dlightbox%26settings%3DeyJpZCI6ODgzMywidXJsIjoiaHR0cHM6XC9cL2lsdW1pbmFjaW9udGhldXMuY29tXC93cC1jb250ZW50XC91cGxvYWRzXC8yMDIzXC8wNlwvZW5zYXlvcy1kZS1sdW1pbmFuY2lhLWVuLXF1aXJvZmFub3MtMDQuanBnIiwic2xpZGVzaG93IjoiYjY0ZmY5NSJ9\" href='https:\/\/iluminaciontheus.com\/wp-content\/uploads\/2023\/06\/ensayos-de-luminancia-en-quirofanos-04.jpg'><img loading=\"lazy\" decoding=\"async\" width=\"600\" height=\"450\" src=\"https:\/\/iluminaciontheus.com\/wp-content\/uploads\/2023\/06\/ensayos-de-luminancia-en-quirofanos-04.jpg\" class=\"attachment-full size-full\" alt=\"\" \/><\/a>\n\t\t\t<\/div><\/figure>\n\t\t<\/div>\n\t\t<\/div>\n\t\t\t\t\t\t<\/div>\n\t\t\t\t<\/div>\n\t\t\t\t\t<\/div>\n\t\t<\/div>\n\t\t\t\t\t<\/div>\n\t\t<\/section>\n\t\t\t\t<\/div>\n\t\t","protected":false},"excerpt":{"rendered":"<p>SERVICIOS GRUPO THEUS cuenta con un plantel de t\u00e9cnicos especializados, para dar soluci\u00f3n a cualquier problema que se suceda en todos nuestros modelos de sistema de iluminaci\u00f3n quir\u00fargica, sin importar la antig\u00fcedad de los mismos. Para la solicitud del servicio t\u00e9cnico, ante cualquier falla o duda durante la instalaci\u00f3n, mantenimiento, reparaci\u00f3n, recomendamos contactarse a nuestros &hellip; <a href=\"https:\/\/iluminaciontheus.com\/index.php\/servicios\/\" class=\"more-link\">Continue reading <span class=\"screen-reader-text\">Servicios<\/span><\/a><\/p>\n","protected":false},"author":1,"featured_media":0,"parent":0,"menu_order":0,"comment_status":"closed","ping_status":"closed","template":"","meta":{"footnotes":""},"class_list":["post-8097","page","type-page","status-publish","hentry"],"yoast_head":"<!-- This site is optimized with the Yoast SEO plugin v27.5 - https:\/\/yoast.com\/product\/yoast-seo-wordpress\/ -->\n<title>Servicios - Theus<\/title>\n<meta name=\"robots\" content=\"index, follow, max-snippet:-1, max-image-preview:large, max-video-preview:-1\" \/>\n<link rel=\"canonical\" href=\"https:\/\/iluminaciontheus.com\/index.php\/servicios\/\" \/>\n<meta property=\"og:locale\" content=\"es_ES\" \/>\n<meta property=\"og:type\" content=\"article\" \/>\n<meta property=\"og:title\" content=\"Servicios - Theus\" \/>\n<meta property=\"og:description\" content=\"SERVICIOS GRUPO THEUS cuenta con un plantel de t\u00e9cnicos especializados, para dar soluci\u00f3n a cualquier problema que se suceda en todos nuestros modelos de sistema de iluminaci\u00f3n quir\u00fargica, sin importar la antig\u00fcedad de los mismos. Para la solicitud del servicio t\u00e9cnico, ante cualquier falla o duda durante la instalaci\u00f3n, mantenimiento, reparaci\u00f3n, recomendamos contactarse a nuestros &hellip; Continue reading Servicios\" \/>\n<meta property=\"og:url\" content=\"https:\/\/iluminaciontheus.com\/index.php\/servicios\/\" \/>\n<meta property=\"og:site_name\" content=\"Theus\" \/>\n<meta property=\"article:modified_time\" content=\"2023-06-15T18:40:54+00:00\" \/>\n<meta property=\"og:image\" content=\"https:\/\/iluminaciontheus.com\/wp-content\/uploads\/2023\/06\/plan-canje-311x440.jpg\" \/>\n<meta name=\"twitter:card\" content=\"summary_large_image\" \/>\n<meta name=\"twitter:label1\" content=\"Tiempo de lectura\" \/>\n\t<meta name=\"twitter:data1\" content=\"3 minutos\" \/>\n<script type=\"application\/ld+json\" class=\"yoast-schema-graph\">{\"@context\":\"https:\\\/\\\/schema.org\",\"@graph\":[{\"@type\":\"WebPage\",\"@id\":\"https:\\\/\\\/iluminaciontheus.com\\\/index.php\\\/servicios\\\/\",\"url\":\"https:\\\/\\\/iluminaciontheus.com\\\/index.php\\\/servicios\\\/\",\"name\":\"Servicios - Theus\",\"isPartOf\":{\"@id\":\"https:\\\/\\\/iluminaciontheus.com\\\/#website\"},\"primaryImageOfPage\":{\"@id\":\"https:\\\/\\\/iluminaciontheus.com\\\/index.php\\\/servicios\\\/#primaryimage\"},\"image\":{\"@id\":\"https:\\\/\\\/iluminaciontheus.com\\\/index.php\\\/servicios\\\/#primaryimage\"},\"thumbnailUrl\":\"https:\\\/\\\/iluminaciontheus.com\\\/wp-content\\\/uploads\\\/2023\\\/06\\\/plan-canje-311x440.jpg\",\"datePublished\":\"2023-05-12T17:43:25+00:00\",\"dateModified\":\"2023-06-15T18:40:54+00:00\",\"breadcrumb\":{\"@id\":\"https:\\\/\\\/iluminaciontheus.com\\\/index.php\\\/servicios\\\/#breadcrumb\"},\"inLanguage\":\"es\",\"potentialAction\":[{\"@type\":\"ReadAction\",\"target\":[\"https:\\\/\\\/iluminaciontheus.com\\\/index.php\\\/servicios\\\/\"]}]},{\"@type\":\"ImageObject\",\"inLanguage\":\"es\",\"@id\":\"https:\\\/\\\/iluminaciontheus.com\\\/index.php\\\/servicios\\\/#primaryimage\",\"url\":\"https:\\\/\\\/iluminaciontheus.com\\\/wp-content\\\/uploads\\\/2023\\\/06\\\/plan-canje.jpg\",\"contentUrl\":\"https:\\\/\\\/iluminaciontheus.com\\\/wp-content\\\/uploads\\\/2023\\\/06\\\/plan-canje.jpg\",\"width\":1200,\"height\":1697},{\"@type\":\"BreadcrumbList\",\"@id\":\"https:\\\/\\\/iluminaciontheus.com\\\/index.php\\\/servicios\\\/#breadcrumb\",\"itemListElement\":[{\"@type\":\"ListItem\",\"position\":1,\"name\":\"Portada\",\"item\":\"https:\\\/\\\/iluminaciontheus.com\\\/\"},{\"@type\":\"ListItem\",\"position\":2,\"name\":\"Servicios\"}]},{\"@type\":\"WebSite\",\"@id\":\"https:\\\/\\\/iluminaciontheus.com\\\/#website\",\"url\":\"https:\\\/\\\/iluminaciontheus.com\\\/\",\"name\":\"Theus\",\"description\":\"\",\"potentialAction\":[{\"@type\":\"SearchAction\",\"target\":{\"@type\":\"EntryPoint\",\"urlTemplate\":\"https:\\\/\\\/iluminaciontheus.com\\\/?s={search_term_string}\"},\"query-input\":{\"@type\":\"PropertyValueSpecification\",\"valueRequired\":true,\"valueName\":\"search_term_string\"}}],\"inLanguage\":\"es\"}]}<\/script>\n<!-- \/ Yoast SEO plugin. -->","yoast_head_json":{"title":"Servicios - Theus","robots":{"index":"index","follow":"follow","max-snippet":"max-snippet:-1","max-image-preview":"max-image-preview:large","max-video-preview":"max-video-preview:-1"},"canonical":"https:\/\/iluminaciontheus.com\/index.php\/servicios\/","og_locale":"es_ES","og_type":"article","og_title":"Servicios - Theus","og_description":"SERVICIOS GRUPO THEUS cuenta con un plantel de t\u00e9cnicos especializados, para dar soluci\u00f3n a cualquier problema que se suceda en todos nuestros modelos de sistema de iluminaci\u00f3n quir\u00fargica, sin importar la antig\u00fcedad de los mismos. Para la solicitud del servicio t\u00e9cnico, ante cualquier falla o duda durante la instalaci\u00f3n, mantenimiento, reparaci\u00f3n, recomendamos contactarse a nuestros &hellip; Continue reading Servicios","og_url":"https:\/\/iluminaciontheus.com\/index.php\/servicios\/","og_site_name":"Theus","article_modified_time":"2023-06-15T18:40:54+00:00","og_image":[{"url":"https:\/\/iluminaciontheus.com\/wp-content\/uploads\/2023\/06\/plan-canje-311x440.jpg","type":"","width":"","height":""}],"twitter_card":"summary_large_image","twitter_misc":{"Tiempo de lectura":"3 minutos"},"schema":{"@context":"https:\/\/schema.org","@graph":[{"@type":"WebPage","@id":"https:\/\/iluminaciontheus.com\/index.php\/servicios\/","url":"https:\/\/iluminaciontheus.com\/index.php\/servicios\/","name":"Servicios - Theus","isPartOf":{"@id":"https:\/\/iluminaciontheus.com\/#website"},"primaryImageOfPage":{"@id":"https:\/\/iluminaciontheus.com\/index.php\/servicios\/#primaryimage"},"image":{"@id":"https:\/\/iluminaciontheus.com\/index.php\/servicios\/#primaryimage"},"thumbnailUrl":"https:\/\/iluminaciontheus.com\/wp-content\/uploads\/2023\/06\/plan-canje-311x440.jpg","datePublished":"2023-05-12T17:43:25+00:00","dateModified":"2023-06-15T18:40:54+00:00","breadcrumb":{"@id":"https:\/\/iluminaciontheus.com\/index.php\/servicios\/#breadcrumb"},"inLanguage":"es","potentialAction":[{"@type":"ReadAction","target":["https:\/\/iluminaciontheus.com\/index.php\/servicios\/"]}]},{"@type":"ImageObject","inLanguage":"es","@id":"https:\/\/iluminaciontheus.com\/index.php\/servicios\/#primaryimage","url":"https:\/\/iluminaciontheus.com\/wp-content\/uploads\/2023\/06\/plan-canje.jpg","contentUrl":"https:\/\/iluminaciontheus.com\/wp-content\/uploads\/2023\/06\/plan-canje.jpg","width":1200,"height":1697},{"@type":"BreadcrumbList","@id":"https:\/\/iluminaciontheus.com\/index.php\/servicios\/#breadcrumb","itemListElement":[{"@type":"ListItem","position":1,"name":"Portada","item":"https:\/\/iluminaciontheus.com\/"},{"@type":"ListItem","position":2,"name":"Servicios"}]},{"@type":"WebSite","@id":"https:\/\/iluminaciontheus.com\/#website","url":"https:\/\/iluminaciontheus.com\/","name":"Theus","description":"","potentialAction":[{"@type":"SearchAction","target":{"@type":"EntryPoint","urlTemplate":"https:\/\/iluminaciontheus.com\/?s={search_term_string}"},"query-input":{"@type":"PropertyValueSpecification","valueRequired":true,"valueName":"search_term_string"}}],"inLanguage":"es"}]}},"_links":{"self":[{"href":"https:\/\/iluminaciontheus.com\/index.php\/wp-json\/wp\/v2\/pages\/8097","targetHints":{"allow":["GET"]}}],"collection":[{"href":"https:\/\/iluminaciontheus.com\/index.php\/wp-json\/wp\/v2\/pages"}],"about":[{"href":"https:\/\/iluminaciontheus.com\/index.php\/wp-json\/wp\/v2\/types\/page"}],"author":[{"embeddable":true,"href":"https:\/\/iluminaciontheus.com\/index.php\/wp-json\/wp\/v2\/users\/1"}],"replies":[{"embeddable":true,"href":"https:\/\/iluminaciontheus.com\/index.php\/wp-json\/wp\/v2\/comments?post=8097"}],"version-history":[{"count":145,"href":"https:\/\/iluminaciontheus.com\/index.php\/wp-json\/wp\/v2\/pages\/8097\/revisions"}],"predecessor-version":[{"id":9008,"href":"https:\/\/iluminaciontheus.com\/index.php\/wp-json\/wp\/v2\/pages\/8097\/revisions\/9008"}],"wp:attachment":[{"href":"https:\/\/iluminaciontheus.com\/index.php\/wp-json\/wp\/v2\/media?parent=8097"}],"curies":[{"name":"wp","href":"https:\/\/api.w.org\/{rel}","templated":true}]}}