{"id":8099,"date":"2023-05-12T17:43:55","date_gmt":"2023-05-12T17:43:55","guid":{"rendered":"https:\/\/iluminaciontheus.com\/?page_id=8099"},"modified":"2023-06-08T11:52:42","modified_gmt":"2023-06-08T11:52:42","slug":"veterinaria","status":"publish","type":"page","link":"https:\/\/iluminaciontheus.com\/index.php\/veterinaria\/","title":{"rendered":"Veterinaria"},"content":{"rendered":"\t\t<div data-elementor-type=\"wp-page\" data-elementor-id=\"8099\" class=\"elementor elementor-8099\">\n\t\t\t\t\t\t<section class=\"elementor-section elementor-top-section elementor-element elementor-element-048d35a elementor-section-boxed elementor-section-height-default elementor-section-height-default\" data-id=\"048d35a\" data-element_type=\"section\" data-e-type=\"section\">\n\t\t\t\t\t\t<div class=\"elementor-container elementor-column-gap-default\">\n\t\t\t\t\t<div class=\"elementor-column elementor-col-100 elementor-top-column elementor-element elementor-element-3adb8e0\" data-id=\"3adb8e0\" data-element_type=\"column\" data-e-type=\"column\">\n\t\t\t<div class=\"elementor-widget-wrap elementor-element-populated\">\n\t\t\t\t\t\t<div class=\"elementor-element elementor-element-d2d185d elementor-widget elementor-widget-heading\" data-id=\"d2d185d\" data-element_type=\"widget\" data-e-type=\"widget\" data-widget_type=\"heading.default\">\n\t\t\t\t<div class=\"elementor-widget-container\">\n\t\t\t\t\t<h2 class=\"elementor-heading-title elementor-size-default\">VETERINARIA<\/h2>\t\t\t\t<\/div>\n\t\t\t\t<\/div>\n\t\t\t\t\t<\/div>\n\t\t<\/div>\n\t\t\t\t\t<\/div>\n\t\t<\/section>\n\t\t\t\t<section class=\"elementor-section elementor-top-section elementor-element elementor-element-eb83616 elementor-section-boxed elementor-section-height-default elementor-section-height-default\" data-id=\"eb83616\" data-element_type=\"section\" data-e-type=\"section\">\n\t\t\t\t\t\t<div class=\"elementor-container elementor-column-gap-default\">\n\t\t\t\t\t<div class=\"elementor-column elementor-col-100 elementor-top-column elementor-element elementor-element-3437771\" data-id=\"3437771\" data-element_type=\"column\" data-e-type=\"column\">\n\t\t\t<div class=\"elementor-widget-wrap elementor-element-populated\">\n\t\t\t\t\t\t<div class=\"elementor-element elementor-element-7ad5114 elementor-widget elementor-widget-text-editor\" data-id=\"7ad5114\" data-element_type=\"widget\" data-e-type=\"widget\" data-widget_type=\"text-editor.default\">\n\t\t\t\t<div class=\"elementor-widget-container\">\n\t\t\t\t\t\t\t\t\tEn los \u00faltimos a\u00f1os, las especialidades veterinarias crecieron de manera continua, y es por eso que GRUPO THEUS SA se ocupa espec\u00edficamente de la iluminaci\u00f3n en Medicina Veterinaria. Nuestras l\u00e1mparas garantizan condiciones de iluminaci\u00f3n \u00f3ptimas desde el cuidado de peque\u00f1as mascotas hasta procedimientos quir\u00fargicos complejos en animales grandes.\t\t\t\t\t\t\t\t<\/div>\n\t\t\t\t<\/div>\n\t\t\t\t\t<\/div>\n\t\t<\/div>\n\t\t\t\t\t<\/div>\n\t\t<\/section>\n\t\t\t\t<section class=\"elementor-section elementor-top-section elementor-element elementor-element-6a52c1d elementor-section-boxed elementor-section-height-default elementor-section-height-default\" data-id=\"6a52c1d\" data-element_type=\"section\" data-e-type=\"section\">\n\t\t\t\t\t\t<div class=\"elementor-container elementor-column-gap-default\">\n\t\t\t\t\t<div class=\"elementor-column elementor-col-100 elementor-top-column elementor-element elementor-element-75f190f\" data-id=\"75f190f\" data-element_type=\"column\" data-e-type=\"column\">\n\t\t\t<div class=\"elementor-widget-wrap elementor-element-populated\">\n\t\t\t\t\t\t<div class=\"elementor-element elementor-element-c389ff0 elementor-widget elementor-widget-text-editor\" data-id=\"c389ff0\" data-element_type=\"widget\" data-e-type=\"widget\" data-widget_type=\"text-editor.default\">\n\t\t\t\t<div class=\"elementor-widget-container\">\n\t\t\t\t\t\t\t\t\tBasados en tecnolog\u00eda LED garantizan un \u00f3ptimo rendimiento visual, luz con reducido desarrollo de calor y bajo consumo. Son confiables, ajustables y est\u00e1n disponibles en configuraciones m\u00f3viles o fijas, para garantizar una iluminaci\u00f3n adaptable a cualquier situaci\u00f3n operativa.\t\t\t\t\t\t\t\t<\/div>\n\t\t\t\t<\/div>\n\t\t\t\t\t<\/div>\n\t\t<\/div>\n\t\t\t\t\t<\/div>\n\t\t<\/section>\n\t\t\t\t<section class=\"elementor-section elementor-top-section elementor-element elementor-element-121839a elementor-section-boxed elementor-section-height-default elementor-section-height-default\" data-id=\"121839a\" data-element_type=\"section\" data-e-type=\"section\">\n\t\t\t\t\t\t<div class=\"elementor-container elementor-column-gap-default\">\n\t\t\t\t\t<div class=\"elementor-column elementor-col-100 elementor-top-column elementor-element elementor-element-00b148f\" data-id=\"00b148f\" data-element_type=\"column\" data-e-type=\"column\">\n\t\t\t<div class=\"elementor-widget-wrap elementor-element-populated\">\n\t\t\t\t\t\t<div class=\"elementor-element elementor-element-a75acd6 elementor-widget elementor-widget-text-editor\" data-id=\"a75acd6\" data-element_type=\"widget\" data-e-type=\"widget\" data-widget_type=\"text-editor.default\">\n\t\t\t\t<div class=\"elementor-widget-container\">\n\t\t\t\t\t\t\t\t\tALGUNOS DE NUESTROS TRABAJOS REALIZADOS PARA ESTA ESPECIALIDAD:\t\t\t\t\t\t\t\t<\/div>\n\t\t\t\t<\/div>\n\t\t\t\t\t<\/div>\n\t\t<\/div>\n\t\t\t\t\t<\/div>\n\t\t<\/section>\n\t\t\t\t<section class=\"elementor-section elementor-top-section elementor-element elementor-element-1326011 elementor-section-boxed elementor-section-height-default elementor-section-height-default\" data-id=\"1326011\" data-element_type=\"section\" data-e-type=\"section\">\n\t\t\t\t\t\t<div class=\"elementor-container elementor-column-gap-default\">\n\t\t\t\t\t<div class=\"elementor-column elementor-col-100 elementor-top-column elementor-element elementor-element-180fb99\" data-id=\"180fb99\" data-element_type=\"column\" data-e-type=\"column\">\n\t\t\t<div class=\"elementor-widget-wrap elementor-element-populated\">\n\t\t\t\t\t\t<div class=\"elementor-element elementor-element-fb94208 elementor-widget elementor-widget-image-gallery\" data-id=\"fb94208\" data-element_type=\"widget\" data-e-type=\"widget\" data-widget_type=\"image-gallery.default\">\n\t\t\t\t<div class=\"elementor-widget-container\">\n\t\t\t\t\t\t\t<div class=\"elementor-image-gallery\">\n\t\t\t<div id='gallery-1' class='gallery galleryid-8099 gallery-columns-4 gallery-size-full'><figure class='gallery-item'>\n\t\t\t<div class='gallery-icon landscape'>\n\t\t\t\t<a data-elementor-open-lightbox=\"yes\" data-elementor-lightbox-slideshow=\"fb94208\" data-elementor-lightbox-title=\"01\" data-e-action-hash=\"#elementor-action%3Aaction%3Dlightbox%26settings%3DeyJpZCI6ODkwNCwidXJsIjoiaHR0cHM6XC9cL2lsdW1pbmFjaW9udGhldXMuY29tXC93cC1jb250ZW50XC91cGxvYWRzXC8yMDIzXC8wNlwvMDEtNS5qcGciLCJzbGlkZXNob3ciOiJmYjk0MjA4In0%3D\" href='https:\/\/iluminaciontheus.com\/wp-content\/uploads\/2023\/06\/01-5.jpg'><img fetchpriority=\"high\" decoding=\"async\" width=\"480\" height=\"480\" src=\"https:\/\/iluminaciontheus.com\/wp-content\/uploads\/2023\/06\/01-5.jpg\" class=\"attachment-full size-full\" alt=\"\" \/><\/a>\n\t\t\t<\/div><\/figure><figure class='gallery-item'>\n\t\t\t<div class='gallery-icon landscape'>\n\t\t\t\t<a data-elementor-open-lightbox=\"yes\" data-elementor-lightbox-slideshow=\"fb94208\" data-elementor-lightbox-title=\"02\" data-e-action-hash=\"#elementor-action%3Aaction%3Dlightbox%26settings%3DeyJpZCI6ODkwNSwidXJsIjoiaHR0cHM6XC9cL2lsdW1pbmFjaW9udGhldXMuY29tXC93cC1jb250ZW50XC91cGxvYWRzXC8yMDIzXC8wNlwvMDItNC5qcGciLCJzbGlkZXNob3ciOiJmYjk0MjA4In0%3D\" href='https:\/\/iluminaciontheus.com\/wp-content\/uploads\/2023\/06\/02-4.jpg'><img decoding=\"async\" width=\"640\" height=\"640\" src=\"https:\/\/iluminaciontheus.com\/wp-content\/uploads\/2023\/06\/02-4.jpg\" class=\"attachment-full size-full\" alt=\"\" \/><\/a>\n\t\t\t<\/div><\/figure><figure class='gallery-item'>\n\t\t\t<div class='gallery-icon landscape'>\n\t\t\t\t<a data-elementor-open-lightbox=\"yes\" data-elementor-lightbox-slideshow=\"fb94208\" data-elementor-lightbox-title=\"03\" data-e-action-hash=\"#elementor-action%3Aaction%3Dlightbox%26settings%3DeyJpZCI6ODkwNiwidXJsIjoiaHR0cHM6XC9cL2lsdW1pbmFjaW9udGhldXMuY29tXC93cC1jb250ZW50XC91cGxvYWRzXC8yMDIzXC8wNlwvMDMtMy5qcGciLCJzbGlkZXNob3ciOiJmYjk0MjA4In0%3D\" href='https:\/\/iluminaciontheus.com\/wp-content\/uploads\/2023\/06\/03-3.jpg'><img decoding=\"async\" width=\"640\" height=\"640\" src=\"https:\/\/iluminaciontheus.com\/wp-content\/uploads\/2023\/06\/03-3.jpg\" class=\"attachment-full size-full\" alt=\"\" \/><\/a>\n\t\t\t<\/div><\/figure><figure class='gallery-item'>\n\t\t\t<div class='gallery-icon landscape'>\n\t\t\t\t<a data-elementor-open-lightbox=\"yes\" data-elementor-lightbox-slideshow=\"fb94208\" data-elementor-lightbox-title=\"04\" data-e-action-hash=\"#elementor-action%3Aaction%3Dlightbox%26settings%3DeyJpZCI6ODkwNywidXJsIjoiaHR0cHM6XC9cL2lsdW1pbmFjaW9udGhldXMuY29tXC93cC1jb250ZW50XC91cGxvYWRzXC8yMDIzXC8wNlwvMDQtMi5qcGciLCJzbGlkZXNob3ciOiJmYjk0MjA4In0%3D\" href='https:\/\/iluminaciontheus.com\/wp-content\/uploads\/2023\/06\/04-2.jpg'><img loading=\"lazy\" decoding=\"async\" width=\"640\" height=\"628\" src=\"https:\/\/iluminaciontheus.com\/wp-content\/uploads\/2023\/06\/04-2.jpg\" class=\"attachment-full size-full\" alt=\"\" \/><\/a>\n\t\t\t<\/div><\/figure>\n\t\t<\/div>\n\t\t<\/div>\n\t\t\t\t\t\t<\/div>\n\t\t\t\t<\/div>\n\t\t\t\t\t<\/div>\n\t\t<\/div>\n\t\t\t\t\t<\/div>\n\t\t<\/section>\n\t\t\t\t<\/div>\n\t\t","protected":false},"excerpt":{"rendered":"<p>VETERINARIA En los \u00faltimos a\u00f1os, las especialidades veterinarias crecieron de manera continua, y es por eso que GRUPO THEUS SA se ocupa espec\u00edficamente de la iluminaci\u00f3n en Medicina Veterinaria. Nuestras l\u00e1mparas garantizan condiciones de iluminaci\u00f3n \u00f3ptimas desde el cuidado de peque\u00f1as mascotas hasta procedimientos quir\u00fargicos complejos en animales grandes.Basados en tecnolog\u00eda LED garantizan un \u00f3ptimo &hellip; <a href=\"https:\/\/iluminaciontheus.com\/index.php\/veterinaria\/\" class=\"more-link\">Continue reading <span class=\"screen-reader-text\">Veterinaria<\/span><\/a><\/p>\n","protected":false},"author":1,"featured_media":0,"parent":0,"menu_order":0,"comment_status":"closed","ping_status":"closed","template":"","meta":{"footnotes":""},"class_list":["post-8099","page","type-page","status-publish","hentry"],"yoast_head":"<!-- This site is optimized with the Yoast SEO plugin v27.4 - https:\/\/yoast.com\/product\/yoast-seo-wordpress\/ -->\n<title>Veterinaria - Theus<\/title>\n<meta name=\"robots\" content=\"index, follow, max-snippet:-1, max-image-preview:large, max-video-preview:-1\" \/>\n<link rel=\"canonical\" href=\"https:\/\/iluminaciontheus.com\/index.php\/veterinaria\/\" \/>\n<meta property=\"og:locale\" content=\"es_ES\" \/>\n<meta property=\"og:type\" content=\"article\" \/>\n<meta property=\"og:title\" content=\"Veterinaria - Theus\" \/>\n<meta property=\"og:description\" content=\"VETERINARIA En los \u00faltimos a\u00f1os, las especialidades veterinarias crecieron de manera continua, y es por eso que GRUPO THEUS SA se ocupa espec\u00edficamente de la iluminaci\u00f3n en Medicina Veterinaria. Nuestras l\u00e1mparas garantizan condiciones de iluminaci\u00f3n \u00f3ptimas desde el cuidado de peque\u00f1as mascotas hasta procedimientos quir\u00fargicos complejos en animales grandes.Basados en tecnolog\u00eda LED garantizan un \u00f3ptimo &hellip; Continue reading Veterinaria\" \/>\n<meta property=\"og:url\" content=\"https:\/\/iluminaciontheus.com\/index.php\/veterinaria\/\" \/>\n<meta property=\"og:site_name\" content=\"Theus\" \/>\n<meta property=\"article:modified_time\" content=\"2023-06-08T11:52:42+00:00\" \/>\n<meta property=\"og:image\" content=\"https:\/\/iluminaciontheus.com\/wp-content\/uploads\/2023\/06\/01-5.jpg\" \/>\n<meta name=\"twitter:card\" content=\"summary_large_image\" \/>\n<meta name=\"twitter:label1\" content=\"Tiempo de lectura\" \/>\n\t<meta name=\"twitter:data1\" content=\"2 minutos\" \/>\n<script type=\"application\/ld+json\" class=\"yoast-schema-graph\">{\"@context\":\"https:\\\/\\\/schema.org\",\"@graph\":[{\"@type\":\"WebPage\",\"@id\":\"https:\\\/\\\/iluminaciontheus.com\\\/index.php\\\/veterinaria\\\/\",\"url\":\"https:\\\/\\\/iluminaciontheus.com\\\/index.php\\\/veterinaria\\\/\",\"name\":\"Veterinaria - Theus\",\"isPartOf\":{\"@id\":\"https:\\\/\\\/iluminaciontheus.com\\\/#website\"},\"primaryImageOfPage\":{\"@id\":\"https:\\\/\\\/iluminaciontheus.com\\\/index.php\\\/veterinaria\\\/#primaryimage\"},\"image\":{\"@id\":\"https:\\\/\\\/iluminaciontheus.com\\\/index.php\\\/veterinaria\\\/#primaryimage\"},\"thumbnailUrl\":\"https:\\\/\\\/iluminaciontheus.com\\\/wp-content\\\/uploads\\\/2023\\\/06\\\/01-5.jpg\",\"datePublished\":\"2023-05-12T17:43:55+00:00\",\"dateModified\":\"2023-06-08T11:52:42+00:00\",\"breadcrumb\":{\"@id\":\"https:\\\/\\\/iluminaciontheus.com\\\/index.php\\\/veterinaria\\\/#breadcrumb\"},\"inLanguage\":\"es\",\"potentialAction\":[{\"@type\":\"ReadAction\",\"target\":[\"https:\\\/\\\/iluminaciontheus.com\\\/index.php\\\/veterinaria\\\/\"]}]},{\"@type\":\"ImageObject\",\"inLanguage\":\"es\",\"@id\":\"https:\\\/\\\/iluminaciontheus.com\\\/index.php\\\/veterinaria\\\/#primaryimage\",\"url\":\"https:\\\/\\\/iluminaciontheus.com\\\/wp-content\\\/uploads\\\/2023\\\/06\\\/01-5.jpg\",\"contentUrl\":\"https:\\\/\\\/iluminaciontheus.com\\\/wp-content\\\/uploads\\\/2023\\\/06\\\/01-5.jpg\"},{\"@type\":\"BreadcrumbList\",\"@id\":\"https:\\\/\\\/iluminaciontheus.com\\\/index.php\\\/veterinaria\\\/#breadcrumb\",\"itemListElement\":[{\"@type\":\"ListItem\",\"position\":1,\"name\":\"Portada\",\"item\":\"https:\\\/\\\/iluminaciontheus.com\\\/\"},{\"@type\":\"ListItem\",\"position\":2,\"name\":\"Veterinaria\"}]},{\"@type\":\"WebSite\",\"@id\":\"https:\\\/\\\/iluminaciontheus.com\\\/#website\",\"url\":\"https:\\\/\\\/iluminaciontheus.com\\\/\",\"name\":\"Theus\",\"description\":\"\",\"potentialAction\":[{\"@type\":\"SearchAction\",\"target\":{\"@type\":\"EntryPoint\",\"urlTemplate\":\"https:\\\/\\\/iluminaciontheus.com\\\/?s={search_term_string}\"},\"query-input\":{\"@type\":\"PropertyValueSpecification\",\"valueRequired\":true,\"valueName\":\"search_term_string\"}}],\"inLanguage\":\"es\"}]}<\/script>\n<!-- \/ Yoast SEO plugin. -->","yoast_head_json":{"title":"Veterinaria - Theus","robots":{"index":"index","follow":"follow","max-snippet":"max-snippet:-1","max-image-preview":"max-image-preview:large","max-video-preview":"max-video-preview:-1"},"canonical":"https:\/\/iluminaciontheus.com\/index.php\/veterinaria\/","og_locale":"es_ES","og_type":"article","og_title":"Veterinaria - Theus","og_description":"VETERINARIA En los \u00faltimos a\u00f1os, las especialidades veterinarias crecieron de manera continua, y es por eso que GRUPO THEUS SA se ocupa espec\u00edficamente de la iluminaci\u00f3n en Medicina Veterinaria. Nuestras l\u00e1mparas garantizan condiciones de iluminaci\u00f3n \u00f3ptimas desde el cuidado de peque\u00f1as mascotas hasta procedimientos quir\u00fargicos complejos en animales grandes.Basados en tecnolog\u00eda LED garantizan un \u00f3ptimo &hellip; Continue reading Veterinaria","og_url":"https:\/\/iluminaciontheus.com\/index.php\/veterinaria\/","og_site_name":"Theus","article_modified_time":"2023-06-08T11:52:42+00:00","og_image":[{"url":"https:\/\/iluminaciontheus.com\/wp-content\/uploads\/2023\/06\/01-5.jpg","type":"","width":"","height":""}],"twitter_card":"summary_large_image","twitter_misc":{"Tiempo de lectura":"2 minutos"},"schema":{"@context":"https:\/\/schema.org","@graph":[{"@type":"WebPage","@id":"https:\/\/iluminaciontheus.com\/index.php\/veterinaria\/","url":"https:\/\/iluminaciontheus.com\/index.php\/veterinaria\/","name":"Veterinaria - Theus","isPartOf":{"@id":"https:\/\/iluminaciontheus.com\/#website"},"primaryImageOfPage":{"@id":"https:\/\/iluminaciontheus.com\/index.php\/veterinaria\/#primaryimage"},"image":{"@id":"https:\/\/iluminaciontheus.com\/index.php\/veterinaria\/#primaryimage"},"thumbnailUrl":"https:\/\/iluminaciontheus.com\/wp-content\/uploads\/2023\/06\/01-5.jpg","datePublished":"2023-05-12T17:43:55+00:00","dateModified":"2023-06-08T11:52:42+00:00","breadcrumb":{"@id":"https:\/\/iluminaciontheus.com\/index.php\/veterinaria\/#breadcrumb"},"inLanguage":"es","potentialAction":[{"@type":"ReadAction","target":["https:\/\/iluminaciontheus.com\/index.php\/veterinaria\/"]}]},{"@type":"ImageObject","inLanguage":"es","@id":"https:\/\/iluminaciontheus.com\/index.php\/veterinaria\/#primaryimage","url":"https:\/\/iluminaciontheus.com\/wp-content\/uploads\/2023\/06\/01-5.jpg","contentUrl":"https:\/\/iluminaciontheus.com\/wp-content\/uploads\/2023\/06\/01-5.jpg"},{"@type":"BreadcrumbList","@id":"https:\/\/iluminaciontheus.com\/index.php\/veterinaria\/#breadcrumb","itemListElement":[{"@type":"ListItem","position":1,"name":"Portada","item":"https:\/\/iluminaciontheus.com\/"},{"@type":"ListItem","position":2,"name":"Veterinaria"}]},{"@type":"WebSite","@id":"https:\/\/iluminaciontheus.com\/#website","url":"https:\/\/iluminaciontheus.com\/","name":"Theus","description":"","potentialAction":[{"@type":"SearchAction","target":{"@type":"EntryPoint","urlTemplate":"https:\/\/iluminaciontheus.com\/?s={search_term_string}"},"query-input":{"@type":"PropertyValueSpecification","valueRequired":true,"valueName":"search_term_string"}}],"inLanguage":"es"}]}},"_links":{"self":[{"href":"https:\/\/iluminaciontheus.com\/index.php\/wp-json\/wp\/v2\/pages\/8099","targetHints":{"allow":["GET"]}}],"collection":[{"href":"https:\/\/iluminaciontheus.com\/index.php\/wp-json\/wp\/v2\/pages"}],"about":[{"href":"https:\/\/iluminaciontheus.com\/index.php\/wp-json\/wp\/v2\/types\/page"}],"author":[{"embeddable":true,"href":"https:\/\/iluminaciontheus.com\/index.php\/wp-json\/wp\/v2\/users\/1"}],"replies":[{"embeddable":true,"href":"https:\/\/iluminaciontheus.com\/index.php\/wp-json\/wp\/v2\/comments?post=8099"}],"version-history":[{"count":25,"href":"https:\/\/iluminaciontheus.com\/index.php\/wp-json\/wp\/v2\/pages\/8099\/revisions"}],"predecessor-version":[{"id":8913,"href":"https:\/\/iluminaciontheus.com\/index.php\/wp-json\/wp\/v2\/pages\/8099\/revisions\/8913"}],"wp:attachment":[{"href":"https:\/\/iluminaciontheus.com\/index.php\/wp-json\/wp\/v2\/media?parent=8099"}],"curies":[{"name":"wp","href":"https:\/\/api.w.org\/{rel}","templated":true}]}}