{"id":8100,"date":"2023-05-12T17:44:07","date_gmt":"2023-05-12T17:44:07","guid":{"rendered":"https:\/\/iluminaciontheus.com\/?page_id=8100"},"modified":"2023-06-08T11:53:47","modified_gmt":"2023-06-08T11:53:47","slug":"novedades","status":"publish","type":"page","link":"https:\/\/iluminaciontheus.com\/index.php\/novedades\/","title":{"rendered":"Odontolog\u00eda"},"content":{"rendered":"\t\t<div data-elementor-type=\"wp-page\" data-elementor-id=\"8100\" class=\"elementor elementor-8100\">\n\t\t\t\t\t\t<section class=\"elementor-section elementor-top-section elementor-element elementor-element-2cfc1b1 elementor-section-boxed elementor-section-height-default elementor-section-height-default\" data-id=\"2cfc1b1\" data-element_type=\"section\" data-e-type=\"section\">\n\t\t\t\t\t\t<div class=\"elementor-container elementor-column-gap-default\">\n\t\t\t\t\t<div class=\"elementor-column elementor-col-100 elementor-top-column elementor-element elementor-element-e8b7927\" data-id=\"e8b7927\" data-element_type=\"column\" data-e-type=\"column\">\n\t\t\t<div class=\"elementor-widget-wrap elementor-element-populated\">\n\t\t\t\t\t\t<div class=\"elementor-element elementor-element-3d636df elementor-widget elementor-widget-heading\" data-id=\"3d636df\" data-element_type=\"widget\" data-e-type=\"widget\" data-widget_type=\"heading.default\">\n\t\t\t\t<div class=\"elementor-widget-container\">\n\t\t\t\t\t<h2 class=\"elementor-heading-title elementor-size-default\">ODONTOLOG\u00cdA<\/h2>\t\t\t\t<\/div>\n\t\t\t\t<\/div>\n\t\t\t\t\t<\/div>\n\t\t<\/div>\n\t\t\t\t\t<\/div>\n\t\t<\/section>\n\t\t\t\t<section class=\"elementor-section elementor-top-section elementor-element elementor-element-44dbff6 elementor-section-boxed elementor-section-height-default elementor-section-height-default\" data-id=\"44dbff6\" data-element_type=\"section\" data-e-type=\"section\">\n\t\t\t\t\t\t<div class=\"elementor-container elementor-column-gap-default\">\n\t\t\t\t\t<div class=\"elementor-column elementor-col-100 elementor-top-column elementor-element elementor-element-98f1fa6\" data-id=\"98f1fa6\" data-element_type=\"column\" data-e-type=\"column\">\n\t\t\t<div class=\"elementor-widget-wrap elementor-element-populated\">\n\t\t\t\t\t\t<div class=\"elementor-element elementor-element-2f9f5de elementor-widget elementor-widget-text-editor\" data-id=\"2f9f5de\" data-element_type=\"widget\" data-e-type=\"widget\" data-widget_type=\"text-editor.default\">\n\t\t\t\t<div class=\"elementor-widget-container\">\n\t\t\t\t\t\t\t\t\tEn el sector dental, la iluminaci\u00f3n juega un papel fundamental. De hecho, la odontolog\u00eda desarrolla sus actividades de diagn\u00f3stico, inspecci\u00f3n y cirug\u00eda en cavidades oscuras e irregulares, por lo que requiere una iluminaci\u00f3n homog\u00e9nea, sin sombras, focalizada y en profundidad.\t\t\t\t\t\t\t\t<\/div>\n\t\t\t\t<\/div>\n\t\t\t\t\t<\/div>\n\t\t<\/div>\n\t\t\t\t\t<\/div>\n\t\t<\/section>\n\t\t\t\t<section class=\"elementor-section elementor-top-section elementor-element elementor-element-78da252 elementor-section-boxed elementor-section-height-default elementor-section-height-default\" data-id=\"78da252\" data-element_type=\"section\" data-e-type=\"section\">\n\t\t\t\t\t\t<div class=\"elementor-container elementor-column-gap-default\">\n\t\t\t\t\t<div class=\"elementor-column elementor-col-100 elementor-top-column elementor-element elementor-element-03b66d8\" data-id=\"03b66d8\" data-element_type=\"column\" data-e-type=\"column\">\n\t\t\t<div class=\"elementor-widget-wrap elementor-element-populated\">\n\t\t\t\t\t\t<div class=\"elementor-element elementor-element-ff49910 elementor-widget elementor-widget-text-editor\" data-id=\"ff49910\" data-element_type=\"widget\" data-e-type=\"widget\" data-widget_type=\"text-editor.default\">\n\t\t\t\t<div class=\"elementor-widget-container\">\n\t\t\t\t\t\t\t\t\tNuestras l\u00e1mparas, especialmente fabricadas para este fin, generan un punto de luz intenso y dependiendo el modelo, la posibilidad de regular su temperatura color en el punto de luz.\t\t\t\t\t\t\t\t<\/div>\n\t\t\t\t<\/div>\n\t\t\t\t\t<\/div>\n\t\t<\/div>\n\t\t\t\t\t<\/div>\n\t\t<\/section>\n\t\t\t\t<section class=\"elementor-section elementor-top-section elementor-element elementor-element-fe6ceaf elementor-section-boxed elementor-section-height-default elementor-section-height-default\" data-id=\"fe6ceaf\" data-element_type=\"section\" data-e-type=\"section\">\n\t\t\t\t\t\t<div class=\"elementor-container elementor-column-gap-default\">\n\t\t\t\t\t<div class=\"elementor-column elementor-col-100 elementor-top-column elementor-element elementor-element-02f473f\" data-id=\"02f473f\" data-element_type=\"column\" data-e-type=\"column\">\n\t\t\t<div class=\"elementor-widget-wrap elementor-element-populated\">\n\t\t\t\t\t\t<div class=\"elementor-element elementor-element-c32caa7 elementor-widget elementor-widget-text-editor\" data-id=\"c32caa7\" data-element_type=\"widget\" data-e-type=\"widget\" data-widget_type=\"text-editor.default\">\n\t\t\t\t<div class=\"elementor-widget-container\">\n\t\t\t\t\t\t\t\t\tALGUNOS DE NUESTROS TRABAJOS REALIZADOS PARA ESTA ESPECIALIDAD:\t\t\t\t\t\t\t\t<\/div>\n\t\t\t\t<\/div>\n\t\t\t\t\t<\/div>\n\t\t<\/div>\n\t\t\t\t\t<\/div>\n\t\t<\/section>\n\t\t\t\t<section class=\"elementor-section elementor-top-section elementor-element elementor-element-109367b elementor-section-boxed elementor-section-height-default elementor-section-height-default\" data-id=\"109367b\" data-element_type=\"section\" data-e-type=\"section\">\n\t\t\t\t\t\t<div class=\"elementor-container elementor-column-gap-default\">\n\t\t\t\t\t<div class=\"elementor-column elementor-col-100 elementor-top-column elementor-element elementor-element-cacb183\" data-id=\"cacb183\" data-element_type=\"column\" data-e-type=\"column\">\n\t\t\t<div class=\"elementor-widget-wrap elementor-element-populated\">\n\t\t\t\t\t\t<div class=\"elementor-element elementor-element-fad2c2c elementor-widget elementor-widget-image-gallery\" data-id=\"fad2c2c\" data-element_type=\"widget\" data-e-type=\"widget\" data-widget_type=\"image-gallery.default\">\n\t\t\t\t<div class=\"elementor-widget-container\">\n\t\t\t\t\t\t\t<div class=\"elementor-image-gallery\">\n\t\t\t<div id='gallery-1' class='gallery galleryid-8100 gallery-columns-3 gallery-size-full'><figure class='gallery-item'>\n\t\t\t<div class='gallery-icon landscape'>\n\t\t\t\t<a data-elementor-open-lightbox=\"yes\" data-elementor-lightbox-slideshow=\"fad2c2c\" data-elementor-lightbox-title=\"01\" data-e-action-hash=\"#elementor-action%3Aaction%3Dlightbox%26settings%3DeyJpZCI6ODkxNCwidXJsIjoiaHR0cHM6XC9cL2lsdW1pbmFjaW9udGhldXMuY29tXC93cC1jb250ZW50XC91cGxvYWRzXC8yMDIzXC8wNlwvMDEtNi5qcGciLCJzbGlkZXNob3ciOiJmYWQyYzJjIn0%3D\" href='https:\/\/iluminaciontheus.com\/wp-content\/uploads\/2023\/06\/01-6.jpg'><img fetchpriority=\"high\" decoding=\"async\" width=\"720\" height=\"720\" src=\"https:\/\/iluminaciontheus.com\/wp-content\/uploads\/2023\/06\/01-6.jpg\" class=\"attachment-full size-full\" alt=\"\" \/><\/a>\n\t\t\t<\/div><\/figure><figure class='gallery-item'>\n\t\t\t<div class='gallery-icon landscape'>\n\t\t\t\t<a data-elementor-open-lightbox=\"yes\" data-elementor-lightbox-slideshow=\"fad2c2c\" data-elementor-lightbox-title=\"02\" data-e-action-hash=\"#elementor-action%3Aaction%3Dlightbox%26settings%3DeyJpZCI6ODkxNSwidXJsIjoiaHR0cHM6XC9cL2lsdW1pbmFjaW9udGhldXMuY29tXC93cC1jb250ZW50XC91cGxvYWRzXC8yMDIzXC8wNlwvMDItNS5qcGciLCJzbGlkZXNob3ciOiJmYWQyYzJjIn0%3D\" href='https:\/\/iluminaciontheus.com\/wp-content\/uploads\/2023\/06\/02-5.jpg'><img decoding=\"async\" width=\"720\" height=\"720\" src=\"https:\/\/iluminaciontheus.com\/wp-content\/uploads\/2023\/06\/02-5.jpg\" class=\"attachment-full size-full\" alt=\"\" \/><\/a>\n\t\t\t<\/div><\/figure><figure class='gallery-item'>\n\t\t\t<div class='gallery-icon landscape'>\n\t\t\t\t<a data-elementor-open-lightbox=\"yes\" data-elementor-lightbox-slideshow=\"fad2c2c\" data-elementor-lightbox-title=\"03\" data-e-action-hash=\"#elementor-action%3Aaction%3Dlightbox%26settings%3DeyJpZCI6ODkxNiwidXJsIjoiaHR0cHM6XC9cL2lsdW1pbmFjaW9udGhldXMuY29tXC93cC1jb250ZW50XC91cGxvYWRzXC8yMDIzXC8wNlwvMDMtNC5qcGciLCJzbGlkZXNob3ciOiJmYWQyYzJjIn0%3D\" href='https:\/\/iluminaciontheus.com\/wp-content\/uploads\/2023\/06\/03-4.jpg'><img decoding=\"async\" width=\"1200\" height=\"1200\" src=\"https:\/\/iluminaciontheus.com\/wp-content\/uploads\/2023\/06\/03-4.jpg\" class=\"attachment-full size-full\" alt=\"\" \/><\/a>\n\t\t\t<\/div><\/figure>\n\t\t<\/div>\n\t\t<\/div>\n\t\t\t\t\t\t<\/div>\n\t\t\t\t<\/div>\n\t\t\t\t\t<\/div>\n\t\t<\/div>\n\t\t\t\t\t<\/div>\n\t\t<\/section>\n\t\t\t\t<\/div>\n\t\t","protected":false},"excerpt":{"rendered":"<p>ODONTOLOG\u00cdA En el sector dental, la iluminaci\u00f3n juega un papel fundamental. De hecho, la odontolog\u00eda desarrolla sus actividades de diagn\u00f3stico, inspecci\u00f3n y cirug\u00eda en cavidades oscuras e irregulares, por lo que requiere una iluminaci\u00f3n homog\u00e9nea, sin sombras, focalizada y en profundidad.Nuestras l\u00e1mparas, especialmente fabricadas para este fin, generan un punto de luz intenso y dependiendo &hellip; <a href=\"https:\/\/iluminaciontheus.com\/index.php\/novedades\/\" class=\"more-link\">Continue reading <span class=\"screen-reader-text\">Odontolog\u00eda<\/span><\/a><\/p>\n","protected":false},"author":1,"featured_media":0,"parent":0,"menu_order":0,"comment_status":"closed","ping_status":"closed","template":"","meta":{"footnotes":""},"class_list":["post-8100","page","type-page","status-publish","hentry"],"yoast_head":"<!-- This site is optimized with the Yoast SEO plugin v27.5 - https:\/\/yoast.com\/product\/yoast-seo-wordpress\/ -->\n<title>Odontolog\u00eda - Theus<\/title>\n<meta name=\"robots\" content=\"index, follow, max-snippet:-1, max-image-preview:large, max-video-preview:-1\" \/>\n<link rel=\"canonical\" href=\"https:\/\/iluminaciontheus.com\/index.php\/novedades\/\" \/>\n<meta property=\"og:locale\" content=\"es_ES\" \/>\n<meta property=\"og:type\" content=\"article\" \/>\n<meta property=\"og:title\" content=\"Odontolog\u00eda - Theus\" \/>\n<meta property=\"og:description\" content=\"ODONTOLOG\u00cdA En el sector dental, la iluminaci\u00f3n juega un papel fundamental. De hecho, la odontolog\u00eda desarrolla sus actividades de diagn\u00f3stico, inspecci\u00f3n y cirug\u00eda en cavidades oscuras e irregulares, por lo que requiere una iluminaci\u00f3n homog\u00e9nea, sin sombras, focalizada y en profundidad.Nuestras l\u00e1mparas, especialmente fabricadas para este fin, generan un punto de luz intenso y dependiendo &hellip; Continue reading Odontolog\u00eda\" \/>\n<meta property=\"og:url\" content=\"https:\/\/iluminaciontheus.com\/index.php\/novedades\/\" \/>\n<meta property=\"og:site_name\" content=\"Theus\" \/>\n<meta property=\"article:modified_time\" content=\"2023-06-08T11:53:47+00:00\" \/>\n<meta property=\"og:image\" content=\"https:\/\/iluminaciontheus.com\/wp-content\/uploads\/2023\/06\/01-6.jpg\" \/>\n<meta name=\"twitter:card\" content=\"summary_large_image\" \/>\n<meta name=\"twitter:label1\" content=\"Tiempo de lectura\" \/>\n\t<meta name=\"twitter:data1\" content=\"1 minuto\" \/>\n<script type=\"application\/ld+json\" class=\"yoast-schema-graph\">{\"@context\":\"https:\\\/\\\/schema.org\",\"@graph\":[{\"@type\":\"WebPage\",\"@id\":\"https:\\\/\\\/iluminaciontheus.com\\\/index.php\\\/novedades\\\/\",\"url\":\"https:\\\/\\\/iluminaciontheus.com\\\/index.php\\\/novedades\\\/\",\"name\":\"Odontolog\u00eda - Theus\",\"isPartOf\":{\"@id\":\"https:\\\/\\\/iluminaciontheus.com\\\/#website\"},\"primaryImageOfPage\":{\"@id\":\"https:\\\/\\\/iluminaciontheus.com\\\/index.php\\\/novedades\\\/#primaryimage\"},\"image\":{\"@id\":\"https:\\\/\\\/iluminaciontheus.com\\\/index.php\\\/novedades\\\/#primaryimage\"},\"thumbnailUrl\":\"https:\\\/\\\/iluminaciontheus.com\\\/wp-content\\\/uploads\\\/2023\\\/06\\\/01-6.jpg\",\"datePublished\":\"2023-05-12T17:44:07+00:00\",\"dateModified\":\"2023-06-08T11:53:47+00:00\",\"breadcrumb\":{\"@id\":\"https:\\\/\\\/iluminaciontheus.com\\\/index.php\\\/novedades\\\/#breadcrumb\"},\"inLanguage\":\"es\",\"potentialAction\":[{\"@type\":\"ReadAction\",\"target\":[\"https:\\\/\\\/iluminaciontheus.com\\\/index.php\\\/novedades\\\/\"]}]},{\"@type\":\"ImageObject\",\"inLanguage\":\"es\",\"@id\":\"https:\\\/\\\/iluminaciontheus.com\\\/index.php\\\/novedades\\\/#primaryimage\",\"url\":\"https:\\\/\\\/iluminaciontheus.com\\\/wp-content\\\/uploads\\\/2023\\\/06\\\/01-6.jpg\",\"contentUrl\":\"https:\\\/\\\/iluminaciontheus.com\\\/wp-content\\\/uploads\\\/2023\\\/06\\\/01-6.jpg\",\"width\":720,\"height\":720},{\"@type\":\"BreadcrumbList\",\"@id\":\"https:\\\/\\\/iluminaciontheus.com\\\/index.php\\\/novedades\\\/#breadcrumb\",\"itemListElement\":[{\"@type\":\"ListItem\",\"position\":1,\"name\":\"Portada\",\"item\":\"https:\\\/\\\/iluminaciontheus.com\\\/\"},{\"@type\":\"ListItem\",\"position\":2,\"name\":\"Odontolog\u00eda\"}]},{\"@type\":\"WebSite\",\"@id\":\"https:\\\/\\\/iluminaciontheus.com\\\/#website\",\"url\":\"https:\\\/\\\/iluminaciontheus.com\\\/\",\"name\":\"Theus\",\"description\":\"\",\"potentialAction\":[{\"@type\":\"SearchAction\",\"target\":{\"@type\":\"EntryPoint\",\"urlTemplate\":\"https:\\\/\\\/iluminaciontheus.com\\\/?s={search_term_string}\"},\"query-input\":{\"@type\":\"PropertyValueSpecification\",\"valueRequired\":true,\"valueName\":\"search_term_string\"}}],\"inLanguage\":\"es\"}]}<\/script>\n<!-- \/ Yoast SEO plugin. -->","yoast_head_json":{"title":"Odontolog\u00eda - Theus","robots":{"index":"index","follow":"follow","max-snippet":"max-snippet:-1","max-image-preview":"max-image-preview:large","max-video-preview":"max-video-preview:-1"},"canonical":"https:\/\/iluminaciontheus.com\/index.php\/novedades\/","og_locale":"es_ES","og_type":"article","og_title":"Odontolog\u00eda - Theus","og_description":"ODONTOLOG\u00cdA En el sector dental, la iluminaci\u00f3n juega un papel fundamental. De hecho, la odontolog\u00eda desarrolla sus actividades de diagn\u00f3stico, inspecci\u00f3n y cirug\u00eda en cavidades oscuras e irregulares, por lo que requiere una iluminaci\u00f3n homog\u00e9nea, sin sombras, focalizada y en profundidad.Nuestras l\u00e1mparas, especialmente fabricadas para este fin, generan un punto de luz intenso y dependiendo &hellip; Continue reading Odontolog\u00eda","og_url":"https:\/\/iluminaciontheus.com\/index.php\/novedades\/","og_site_name":"Theus","article_modified_time":"2023-06-08T11:53:47+00:00","og_image":[{"url":"https:\/\/iluminaciontheus.com\/wp-content\/uploads\/2023\/06\/01-6.jpg","type":"","width":"","height":""}],"twitter_card":"summary_large_image","twitter_misc":{"Tiempo de lectura":"1 minuto"},"schema":{"@context":"https:\/\/schema.org","@graph":[{"@type":"WebPage","@id":"https:\/\/iluminaciontheus.com\/index.php\/novedades\/","url":"https:\/\/iluminaciontheus.com\/index.php\/novedades\/","name":"Odontolog\u00eda - Theus","isPartOf":{"@id":"https:\/\/iluminaciontheus.com\/#website"},"primaryImageOfPage":{"@id":"https:\/\/iluminaciontheus.com\/index.php\/novedades\/#primaryimage"},"image":{"@id":"https:\/\/iluminaciontheus.com\/index.php\/novedades\/#primaryimage"},"thumbnailUrl":"https:\/\/iluminaciontheus.com\/wp-content\/uploads\/2023\/06\/01-6.jpg","datePublished":"2023-05-12T17:44:07+00:00","dateModified":"2023-06-08T11:53:47+00:00","breadcrumb":{"@id":"https:\/\/iluminaciontheus.com\/index.php\/novedades\/#breadcrumb"},"inLanguage":"es","potentialAction":[{"@type":"ReadAction","target":["https:\/\/iluminaciontheus.com\/index.php\/novedades\/"]}]},{"@type":"ImageObject","inLanguage":"es","@id":"https:\/\/iluminaciontheus.com\/index.php\/novedades\/#primaryimage","url":"https:\/\/iluminaciontheus.com\/wp-content\/uploads\/2023\/06\/01-6.jpg","contentUrl":"https:\/\/iluminaciontheus.com\/wp-content\/uploads\/2023\/06\/01-6.jpg","width":720,"height":720},{"@type":"BreadcrumbList","@id":"https:\/\/iluminaciontheus.com\/index.php\/novedades\/#breadcrumb","itemListElement":[{"@type":"ListItem","position":1,"name":"Portada","item":"https:\/\/iluminaciontheus.com\/"},{"@type":"ListItem","position":2,"name":"Odontolog\u00eda"}]},{"@type":"WebSite","@id":"https:\/\/iluminaciontheus.com\/#website","url":"https:\/\/iluminaciontheus.com\/","name":"Theus","description":"","potentialAction":[{"@type":"SearchAction","target":{"@type":"EntryPoint","urlTemplate":"https:\/\/iluminaciontheus.com\/?s={search_term_string}"},"query-input":{"@type":"PropertyValueSpecification","valueRequired":true,"valueName":"search_term_string"}}],"inLanguage":"es"}]}},"_links":{"self":[{"href":"https:\/\/iluminaciontheus.com\/index.php\/wp-json\/wp\/v2\/pages\/8100","targetHints":{"allow":["GET"]}}],"collection":[{"href":"https:\/\/iluminaciontheus.com\/index.php\/wp-json\/wp\/v2\/pages"}],"about":[{"href":"https:\/\/iluminaciontheus.com\/index.php\/wp-json\/wp\/v2\/types\/page"}],"author":[{"embeddable":true,"href":"https:\/\/iluminaciontheus.com\/index.php\/wp-json\/wp\/v2\/users\/1"}],"replies":[{"embeddable":true,"href":"https:\/\/iluminaciontheus.com\/index.php\/wp-json\/wp\/v2\/comments?post=8100"}],"version-history":[{"count":14,"href":"https:\/\/iluminaciontheus.com\/index.php\/wp-json\/wp\/v2\/pages\/8100\/revisions"}],"predecessor-version":[{"id":8919,"href":"https:\/\/iluminaciontheus.com\/index.php\/wp-json\/wp\/v2\/pages\/8100\/revisions\/8919"}],"wp:attachment":[{"href":"https:\/\/iluminaciontheus.com\/index.php\/wp-json\/wp\/v2\/media?parent=8100"}],"curies":[{"name":"wp","href":"https:\/\/api.w.org\/{rel}","templated":true}]}}