{"id":8228,"date":"2023-05-14T19:37:50","date_gmt":"2023-05-14T19:37:50","guid":{"rendered":"https:\/\/iluminaciontheus.com\/?post_type=product&#038;p=8228"},"modified":"2023-06-07T14:46:26","modified_gmt":"2023-06-07T14:46:26","slug":"sirius-xiii","status":"publish","type":"product","link":"https:\/\/iluminaciontheus.com\/index.php\/producto\/sirius-xiii\/","title":{"rendered":"Sirius XIII"},"content":{"rendered":"","protected":false},"excerpt":{"rendered":"<div class=\"texto-productos-subtitulo\">L\u00e1mpara quir\u00fargica de alta complejidad<\/div>\n<div class=\"texto-productos\">El sistema que desarrollamos para alta complejidad SIRIUS XIII , nace para satisfacer las necesidades de nuestros usuarios, ya que contempla las funciones para el desarrollo de los trabajos con la mayor seguridad y prestaciones actuales. La l\u00e1mpara proporciona un confort visual y muy adecuado para las salas con sistemas flujos laminares. Su sistema de \u00f3pticas, es capaz de producir una luz focalizada que proporcionan un di\u00e1metro de m\u00e1xima exactitud para la visualizaci\u00f3n de los m\u00e1ximos detalles.<\/div>\n<p>&nbsp;<\/p>\n<p>&nbsp;<\/p>\n<div class=\"descargar-folleto\"><a class=\"descargar-folleto-text\" href=\"https:\/\/iluminaciontheus.com\/folletos\/FOLLETO-SIRIUS-XIII.pdf\" target=\"_blank\" rel=\"noopener\">Descargar Folleto<\/a><\/div>\n","protected":false},"featured_media":8372,"template":"","meta":[],"product_brand":[],"product_cat":[15],"product_tag":[],"class_list":{"0":"post-8228","1":"product","2":"type-product","3":"status-publish","4":"has-post-thumbnail","6":"product_cat-sin-categorizar","9":"instock","10":"shipping-taxable","11":"product-type-simple"},"yoast_head":"<!-- This site is optimized with the Yoast SEO plugin v27.5 - https:\/\/yoast.com\/product\/yoast-seo-wordpress\/ -->\n<title>Sirius XIII - Theus<\/title>\n<meta name=\"robots\" content=\"index, follow, max-snippet:-1, max-image-preview:large, max-video-preview:-1\" \/>\n<link rel=\"canonical\" href=\"https:\/\/iluminaciontheus.com\/index.php\/producto\/sirius-xiii\/\" \/>\n<meta property=\"og:locale\" content=\"es_ES\" \/>\n<meta property=\"og:type\" content=\"article\" \/>\n<meta property=\"og:title\" content=\"Sirius XIII - Theus\" \/>\n<meta property=\"og:description\" content=\"L\u00e1mpara quir\u00fargica de alta complejidad El sistema que desarrollamos para alta complejidad SIRIUS XIII , nace para satisfacer las necesidades de nuestros usuarios, ya que contempla las funciones para el desarrollo de los trabajos con la mayor seguridad y prestaciones actuales. La l\u00e1mpara proporciona un confort visual y muy adecuado para las salas con sistemas flujos laminares. Su sistema de \u00f3pticas, es capaz de producir una luz focalizada que proporcionan un di\u00e1metro de m\u00e1xima exactitud para la visualizaci\u00f3n de los m\u00e1ximos detalles. &nbsp;  &nbsp; Descargar Folleto\" \/>\n<meta property=\"og:url\" content=\"https:\/\/iluminaciontheus.com\/index.php\/producto\/sirius-xiii\/\" \/>\n<meta property=\"og:site_name\" content=\"Theus\" \/>\n<meta property=\"article:modified_time\" content=\"2023-06-07T14:46:26+00:00\" \/>\n<meta property=\"og:image\" content=\"https:\/\/iluminaciontheus.com\/wp-content\/uploads\/2023\/05\/sirius-SXIII-portada.jpg\" \/>\n\t<meta property=\"og:image:width\" content=\"1200\" \/>\n\t<meta property=\"og:image:height\" content=\"1200\" \/>\n\t<meta property=\"og:image:type\" content=\"image\/jpeg\" \/>\n<meta name=\"twitter:card\" content=\"summary_large_image\" \/>\n<script type=\"application\/ld+json\" class=\"yoast-schema-graph\">{\"@context\":\"https:\\\/\\\/schema.org\",\"@graph\":[{\"@type\":\"WebPage\",\"@id\":\"https:\\\/\\\/iluminaciontheus.com\\\/index.php\\\/producto\\\/sirius-xiii\\\/\",\"url\":\"https:\\\/\\\/iluminaciontheus.com\\\/index.php\\\/producto\\\/sirius-xiii\\\/\",\"name\":\"Sirius XIII - Theus\",\"isPartOf\":{\"@id\":\"https:\\\/\\\/iluminaciontheus.com\\\/#website\"},\"primaryImageOfPage\":{\"@id\":\"https:\\\/\\\/iluminaciontheus.com\\\/index.php\\\/producto\\\/sirius-xiii\\\/#primaryimage\"},\"image\":{\"@id\":\"https:\\\/\\\/iluminaciontheus.com\\\/index.php\\\/producto\\\/sirius-xiii\\\/#primaryimage\"},\"thumbnailUrl\":\"https:\\\/\\\/iluminaciontheus.com\\\/wp-content\\\/uploads\\\/2023\\\/05\\\/sirius-SXIII-portada.jpg\",\"datePublished\":\"2023-05-14T19:37:50+00:00\",\"dateModified\":\"2023-06-07T14:46:26+00:00\",\"breadcrumb\":{\"@id\":\"https:\\\/\\\/iluminaciontheus.com\\\/index.php\\\/producto\\\/sirius-xiii\\\/#breadcrumb\"},\"inLanguage\":\"es\",\"potentialAction\":[{\"@type\":\"ReadAction\",\"target\":[\"https:\\\/\\\/iluminaciontheus.com\\\/index.php\\\/producto\\\/sirius-xiii\\\/\"]}]},{\"@type\":\"ImageObject\",\"inLanguage\":\"es\",\"@id\":\"https:\\\/\\\/iluminaciontheus.com\\\/index.php\\\/producto\\\/sirius-xiii\\\/#primaryimage\",\"url\":\"https:\\\/\\\/iluminaciontheus.com\\\/wp-content\\\/uploads\\\/2023\\\/05\\\/sirius-SXIII-portada.jpg\",\"contentUrl\":\"https:\\\/\\\/iluminaciontheus.com\\\/wp-content\\\/uploads\\\/2023\\\/05\\\/sirius-SXIII-portada.jpg\",\"width\":1200,\"height\":1200},{\"@type\":\"BreadcrumbList\",\"@id\":\"https:\\\/\\\/iluminaciontheus.com\\\/index.php\\\/producto\\\/sirius-xiii\\\/#breadcrumb\",\"itemListElement\":[{\"@type\":\"ListItem\",\"position\":1,\"name\":\"Portada\",\"item\":\"https:\\\/\\\/iluminaciontheus.com\\\/\"},{\"@type\":\"ListItem\",\"position\":2,\"name\":\"Productos M\u00e9dicos\",\"item\":\"https:\\\/\\\/iluminaciontheus.com\\\/index.php\\\/productos\\\/\"},{\"@type\":\"ListItem\",\"position\":3,\"name\":\"Sirius XIII\"}]},{\"@type\":\"WebSite\",\"@id\":\"https:\\\/\\\/iluminaciontheus.com\\\/#website\",\"url\":\"https:\\\/\\\/iluminaciontheus.com\\\/\",\"name\":\"Theus\",\"description\":\"\",\"potentialAction\":[{\"@type\":\"SearchAction\",\"target\":{\"@type\":\"EntryPoint\",\"urlTemplate\":\"https:\\\/\\\/iluminaciontheus.com\\\/?s={search_term_string}\"},\"query-input\":{\"@type\":\"PropertyValueSpecification\",\"valueRequired\":true,\"valueName\":\"search_term_string\"}}],\"inLanguage\":\"es\"}]}<\/script>\n<!-- \/ Yoast SEO plugin. -->","yoast_head_json":{"title":"Sirius XIII - Theus","robots":{"index":"index","follow":"follow","max-snippet":"max-snippet:-1","max-image-preview":"max-image-preview:large","max-video-preview":"max-video-preview:-1"},"canonical":"https:\/\/iluminaciontheus.com\/index.php\/producto\/sirius-xiii\/","og_locale":"es_ES","og_type":"article","og_title":"Sirius XIII - Theus","og_description":"L\u00e1mpara quir\u00fargica de alta complejidad El sistema que desarrollamos para alta complejidad SIRIUS XIII , nace para satisfacer las necesidades de nuestros usuarios, ya que contempla las funciones para el desarrollo de los trabajos con la mayor seguridad y prestaciones actuales. La l\u00e1mpara proporciona un confort visual y muy adecuado para las salas con sistemas flujos laminares. Su sistema de \u00f3pticas, es capaz de producir una luz focalizada que proporcionan un di\u00e1metro de m\u00e1xima exactitud para la visualizaci\u00f3n de los m\u00e1ximos detalles. &nbsp;  &nbsp; Descargar Folleto","og_url":"https:\/\/iluminaciontheus.com\/index.php\/producto\/sirius-xiii\/","og_site_name":"Theus","article_modified_time":"2023-06-07T14:46:26+00:00","og_image":[{"width":1200,"height":1200,"url":"https:\/\/iluminaciontheus.com\/wp-content\/uploads\/2023\/05\/sirius-SXIII-portada.jpg","type":"image\/jpeg"}],"twitter_card":"summary_large_image","schema":{"@context":"https:\/\/schema.org","@graph":[{"@type":"WebPage","@id":"https:\/\/iluminaciontheus.com\/index.php\/producto\/sirius-xiii\/","url":"https:\/\/iluminaciontheus.com\/index.php\/producto\/sirius-xiii\/","name":"Sirius XIII - Theus","isPartOf":{"@id":"https:\/\/iluminaciontheus.com\/#website"},"primaryImageOfPage":{"@id":"https:\/\/iluminaciontheus.com\/index.php\/producto\/sirius-xiii\/#primaryimage"},"image":{"@id":"https:\/\/iluminaciontheus.com\/index.php\/producto\/sirius-xiii\/#primaryimage"},"thumbnailUrl":"https:\/\/iluminaciontheus.com\/wp-content\/uploads\/2023\/05\/sirius-SXIII-portada.jpg","datePublished":"2023-05-14T19:37:50+00:00","dateModified":"2023-06-07T14:46:26+00:00","breadcrumb":{"@id":"https:\/\/iluminaciontheus.com\/index.php\/producto\/sirius-xiii\/#breadcrumb"},"inLanguage":"es","potentialAction":[{"@type":"ReadAction","target":["https:\/\/iluminaciontheus.com\/index.php\/producto\/sirius-xiii\/"]}]},{"@type":"ImageObject","inLanguage":"es","@id":"https:\/\/iluminaciontheus.com\/index.php\/producto\/sirius-xiii\/#primaryimage","url":"https:\/\/iluminaciontheus.com\/wp-content\/uploads\/2023\/05\/sirius-SXIII-portada.jpg","contentUrl":"https:\/\/iluminaciontheus.com\/wp-content\/uploads\/2023\/05\/sirius-SXIII-portada.jpg","width":1200,"height":1200},{"@type":"BreadcrumbList","@id":"https:\/\/iluminaciontheus.com\/index.php\/producto\/sirius-xiii\/#breadcrumb","itemListElement":[{"@type":"ListItem","position":1,"name":"Portada","item":"https:\/\/iluminaciontheus.com\/"},{"@type":"ListItem","position":2,"name":"Productos M\u00e9dicos","item":"https:\/\/iluminaciontheus.com\/index.php\/productos\/"},{"@type":"ListItem","position":3,"name":"Sirius XIII"}]},{"@type":"WebSite","@id":"https:\/\/iluminaciontheus.com\/#website","url":"https:\/\/iluminaciontheus.com\/","name":"Theus","description":"","potentialAction":[{"@type":"SearchAction","target":{"@type":"EntryPoint","urlTemplate":"https:\/\/iluminaciontheus.com\/?s={search_term_string}"},"query-input":{"@type":"PropertyValueSpecification","valueRequired":true,"valueName":"search_term_string"}}],"inLanguage":"es"}]}},"_links":{"self":[{"href":"https:\/\/iluminaciontheus.com\/index.php\/wp-json\/wp\/v2\/product\/8228","targetHints":{"allow":["GET"]}}],"collection":[{"href":"https:\/\/iluminaciontheus.com\/index.php\/wp-json\/wp\/v2\/product"}],"about":[{"href":"https:\/\/iluminaciontheus.com\/index.php\/wp-json\/wp\/v2\/types\/product"}],"version-history":[{"count":1,"href":"https:\/\/iluminaciontheus.com\/index.php\/wp-json\/wp\/v2\/product\/8228\/revisions"}],"predecessor-version":[{"id":8337,"href":"https:\/\/iluminaciontheus.com\/index.php\/wp-json\/wp\/v2\/product\/8228\/revisions\/8337"}],"wp:featuredmedia":[{"embeddable":true,"href":"https:\/\/iluminaciontheus.com\/index.php\/wp-json\/wp\/v2\/media\/8372"}],"wp:attachment":[{"href":"https:\/\/iluminaciontheus.com\/index.php\/wp-json\/wp\/v2\/media?parent=8228"}],"wp:term":[{"taxonomy":"product_brand","embeddable":true,"href":"https:\/\/iluminaciontheus.com\/index.php\/wp-json\/wp\/v2\/product_brand?post=8228"},{"taxonomy":"product_cat","embeddable":true,"href":"https:\/\/iluminaciontheus.com\/index.php\/wp-json\/wp\/v2\/product_cat?post=8228"},{"taxonomy":"product_tag","embeddable":true,"href":"https:\/\/iluminaciontheus.com\/index.php\/wp-json\/wp\/v2\/product_tag?post=8228"}],"curies":[{"name":"wp","href":"https:\/\/api.w.org\/{rel}","templated":true}]}}