{"id":8229,"date":"2023-05-14T19:37:59","date_gmt":"2023-05-14T19:37:59","guid":{"rendered":"https:\/\/iluminaciontheus.com\/?post_type=product&#038;p=8229"},"modified":"2023-06-01T12:44:09","modified_gmt":"2023-06-01T12:44:09","slug":"sirius-sl","status":"publish","type":"product","link":"https:\/\/iluminaciontheus.com\/index.php\/producto\/sirius-sl\/","title":{"rendered":"Sirius SL"},"content":{"rendered":"","protected":false},"excerpt":{"rendered":"<div class=\"texto-productos-subtitulo\">L\u00e1mpara quir\u00fargica de alta complejidad<\/div>\n<div class=\"texto-productos\">Con la mirada puesta en los avances tecnol\u00f3gicos, Grupo Theus, desarroll\u00f3 el sistema de Iluminaci\u00f3n SIRIUS SL, garantizando rendimiento \u00f3ptico, fiabilidad y confort visual.<\/div>\n<div class=\"texto-productos\">Gracias a sus diferentes presentaciones, el modelo es adecuado y compatible con los distintos sectores de cada instituci\u00f3n.<\/div>\n<p>&nbsp;<\/p>\n<p>&nbsp;<\/p>\n<div class=\"descargar-folleto\"><a class=\"descargar-folleto-text\" href=\"https:\/\/iluminaciontheus.com\/folletos\/FOLLETO-SIRIUS-SL.pdf\" target=\"_blank\" rel=\"noopener\">Descargar Folleto<\/a><\/div>\n","protected":false},"featured_media":8371,"template":"","meta":[],"product_brand":[],"product_cat":[15],"product_tag":[],"class_list":{"0":"post-8229","1":"product","2":"type-product","3":"status-publish","4":"has-post-thumbnail","6":"product_cat-sin-categorizar","9":"instock","10":"shipping-taxable","11":"product-type-simple"},"yoast_head":"<!-- This site is optimized with the Yoast SEO plugin v27.5 - https:\/\/yoast.com\/product\/yoast-seo-wordpress\/ -->\n<title>Sirius SL - Theus<\/title>\n<meta name=\"robots\" content=\"index, follow, max-snippet:-1, max-image-preview:large, max-video-preview:-1\" \/>\n<link rel=\"canonical\" href=\"https:\/\/iluminaciontheus.com\/index.php\/producto\/sirius-sl\/\" \/>\n<meta property=\"og:locale\" content=\"es_ES\" \/>\n<meta property=\"og:type\" content=\"article\" \/>\n<meta property=\"og:title\" content=\"Sirius SL - Theus\" \/>\n<meta property=\"og:description\" content=\"L\u00e1mpara quir\u00fargica de alta complejidad Con la mirada puesta en los avances tecnol\u00f3gicos, Grupo Theus, desarroll\u00f3 el sistema de Iluminaci\u00f3n SIRIUS SL, garantizando rendimiento \u00f3ptico, fiabilidad y confort visual. Gracias a sus diferentes presentaciones, el modelo es adecuado y compatible con los distintos sectores de cada instituci\u00f3n. &nbsp;  &nbsp; Descargar Folleto\" \/>\n<meta property=\"og:url\" content=\"https:\/\/iluminaciontheus.com\/index.php\/producto\/sirius-sl\/\" \/>\n<meta property=\"og:site_name\" content=\"Theus\" \/>\n<meta property=\"article:modified_time\" content=\"2023-06-01T12:44:09+00:00\" \/>\n<meta property=\"og:image\" content=\"https:\/\/iluminaciontheus.com\/wp-content\/uploads\/2023\/05\/sirius-sl-portada.jpg\" \/>\n\t<meta property=\"og:image:width\" content=\"1200\" \/>\n\t<meta property=\"og:image:height\" content=\"1200\" \/>\n\t<meta property=\"og:image:type\" content=\"image\/jpeg\" \/>\n<meta name=\"twitter:card\" content=\"summary_large_image\" \/>\n<script type=\"application\/ld+json\" class=\"yoast-schema-graph\">{\"@context\":\"https:\\\/\\\/schema.org\",\"@graph\":[{\"@type\":\"WebPage\",\"@id\":\"https:\\\/\\\/iluminaciontheus.com\\\/index.php\\\/producto\\\/sirius-sl\\\/\",\"url\":\"https:\\\/\\\/iluminaciontheus.com\\\/index.php\\\/producto\\\/sirius-sl\\\/\",\"name\":\"Sirius SL - Theus\",\"isPartOf\":{\"@id\":\"https:\\\/\\\/iluminaciontheus.com\\\/#website\"},\"primaryImageOfPage\":{\"@id\":\"https:\\\/\\\/iluminaciontheus.com\\\/index.php\\\/producto\\\/sirius-sl\\\/#primaryimage\"},\"image\":{\"@id\":\"https:\\\/\\\/iluminaciontheus.com\\\/index.php\\\/producto\\\/sirius-sl\\\/#primaryimage\"},\"thumbnailUrl\":\"https:\\\/\\\/iluminaciontheus.com\\\/wp-content\\\/uploads\\\/2023\\\/05\\\/sirius-sl-portada.jpg\",\"datePublished\":\"2023-05-14T19:37:59+00:00\",\"dateModified\":\"2023-06-01T12:44:09+00:00\",\"breadcrumb\":{\"@id\":\"https:\\\/\\\/iluminaciontheus.com\\\/index.php\\\/producto\\\/sirius-sl\\\/#breadcrumb\"},\"inLanguage\":\"es\",\"potentialAction\":[{\"@type\":\"ReadAction\",\"target\":[\"https:\\\/\\\/iluminaciontheus.com\\\/index.php\\\/producto\\\/sirius-sl\\\/\"]}]},{\"@type\":\"ImageObject\",\"inLanguage\":\"es\",\"@id\":\"https:\\\/\\\/iluminaciontheus.com\\\/index.php\\\/producto\\\/sirius-sl\\\/#primaryimage\",\"url\":\"https:\\\/\\\/iluminaciontheus.com\\\/wp-content\\\/uploads\\\/2023\\\/05\\\/sirius-sl-portada.jpg\",\"contentUrl\":\"https:\\\/\\\/iluminaciontheus.com\\\/wp-content\\\/uploads\\\/2023\\\/05\\\/sirius-sl-portada.jpg\",\"width\":1200,\"height\":1200},{\"@type\":\"BreadcrumbList\",\"@id\":\"https:\\\/\\\/iluminaciontheus.com\\\/index.php\\\/producto\\\/sirius-sl\\\/#breadcrumb\",\"itemListElement\":[{\"@type\":\"ListItem\",\"position\":1,\"name\":\"Portada\",\"item\":\"https:\\\/\\\/iluminaciontheus.com\\\/\"},{\"@type\":\"ListItem\",\"position\":2,\"name\":\"Productos M\u00e9dicos\",\"item\":\"https:\\\/\\\/iluminaciontheus.com\\\/index.php\\\/productos\\\/\"},{\"@type\":\"ListItem\",\"position\":3,\"name\":\"Sirius SL\"}]},{\"@type\":\"WebSite\",\"@id\":\"https:\\\/\\\/iluminaciontheus.com\\\/#website\",\"url\":\"https:\\\/\\\/iluminaciontheus.com\\\/\",\"name\":\"Theus\",\"description\":\"\",\"potentialAction\":[{\"@type\":\"SearchAction\",\"target\":{\"@type\":\"EntryPoint\",\"urlTemplate\":\"https:\\\/\\\/iluminaciontheus.com\\\/?s={search_term_string}\"},\"query-input\":{\"@type\":\"PropertyValueSpecification\",\"valueRequired\":true,\"valueName\":\"search_term_string\"}}],\"inLanguage\":\"es\"}]}<\/script>\n<!-- \/ Yoast SEO plugin. -->","yoast_head_json":{"title":"Sirius SL - Theus","robots":{"index":"index","follow":"follow","max-snippet":"max-snippet:-1","max-image-preview":"max-image-preview:large","max-video-preview":"max-video-preview:-1"},"canonical":"https:\/\/iluminaciontheus.com\/index.php\/producto\/sirius-sl\/","og_locale":"es_ES","og_type":"article","og_title":"Sirius SL - Theus","og_description":"L\u00e1mpara quir\u00fargica de alta complejidad Con la mirada puesta en los avances tecnol\u00f3gicos, Grupo Theus, desarroll\u00f3 el sistema de Iluminaci\u00f3n SIRIUS SL, garantizando rendimiento \u00f3ptico, fiabilidad y confort visual. Gracias a sus diferentes presentaciones, el modelo es adecuado y compatible con los distintos sectores de cada instituci\u00f3n. &nbsp;  &nbsp; Descargar Folleto","og_url":"https:\/\/iluminaciontheus.com\/index.php\/producto\/sirius-sl\/","og_site_name":"Theus","article_modified_time":"2023-06-01T12:44:09+00:00","og_image":[{"width":1200,"height":1200,"url":"https:\/\/iluminaciontheus.com\/wp-content\/uploads\/2023\/05\/sirius-sl-portada.jpg","type":"image\/jpeg"}],"twitter_card":"summary_large_image","schema":{"@context":"https:\/\/schema.org","@graph":[{"@type":"WebPage","@id":"https:\/\/iluminaciontheus.com\/index.php\/producto\/sirius-sl\/","url":"https:\/\/iluminaciontheus.com\/index.php\/producto\/sirius-sl\/","name":"Sirius SL - Theus","isPartOf":{"@id":"https:\/\/iluminaciontheus.com\/#website"},"primaryImageOfPage":{"@id":"https:\/\/iluminaciontheus.com\/index.php\/producto\/sirius-sl\/#primaryimage"},"image":{"@id":"https:\/\/iluminaciontheus.com\/index.php\/producto\/sirius-sl\/#primaryimage"},"thumbnailUrl":"https:\/\/iluminaciontheus.com\/wp-content\/uploads\/2023\/05\/sirius-sl-portada.jpg","datePublished":"2023-05-14T19:37:59+00:00","dateModified":"2023-06-01T12:44:09+00:00","breadcrumb":{"@id":"https:\/\/iluminaciontheus.com\/index.php\/producto\/sirius-sl\/#breadcrumb"},"inLanguage":"es","potentialAction":[{"@type":"ReadAction","target":["https:\/\/iluminaciontheus.com\/index.php\/producto\/sirius-sl\/"]}]},{"@type":"ImageObject","inLanguage":"es","@id":"https:\/\/iluminaciontheus.com\/index.php\/producto\/sirius-sl\/#primaryimage","url":"https:\/\/iluminaciontheus.com\/wp-content\/uploads\/2023\/05\/sirius-sl-portada.jpg","contentUrl":"https:\/\/iluminaciontheus.com\/wp-content\/uploads\/2023\/05\/sirius-sl-portada.jpg","width":1200,"height":1200},{"@type":"BreadcrumbList","@id":"https:\/\/iluminaciontheus.com\/index.php\/producto\/sirius-sl\/#breadcrumb","itemListElement":[{"@type":"ListItem","position":1,"name":"Portada","item":"https:\/\/iluminaciontheus.com\/"},{"@type":"ListItem","position":2,"name":"Productos M\u00e9dicos","item":"https:\/\/iluminaciontheus.com\/index.php\/productos\/"},{"@type":"ListItem","position":3,"name":"Sirius SL"}]},{"@type":"WebSite","@id":"https:\/\/iluminaciontheus.com\/#website","url":"https:\/\/iluminaciontheus.com\/","name":"Theus","description":"","potentialAction":[{"@type":"SearchAction","target":{"@type":"EntryPoint","urlTemplate":"https:\/\/iluminaciontheus.com\/?s={search_term_string}"},"query-input":{"@type":"PropertyValueSpecification","valueRequired":true,"valueName":"search_term_string"}}],"inLanguage":"es"}]}},"_links":{"self":[{"href":"https:\/\/iluminaciontheus.com\/index.php\/wp-json\/wp\/v2\/product\/8229","targetHints":{"allow":["GET"]}}],"collection":[{"href":"https:\/\/iluminaciontheus.com\/index.php\/wp-json\/wp\/v2\/product"}],"about":[{"href":"https:\/\/iluminaciontheus.com\/index.php\/wp-json\/wp\/v2\/types\/product"}],"version-history":[{"count":1,"href":"https:\/\/iluminaciontheus.com\/index.php\/wp-json\/wp\/v2\/product\/8229\/revisions"}],"predecessor-version":[{"id":8336,"href":"https:\/\/iluminaciontheus.com\/index.php\/wp-json\/wp\/v2\/product\/8229\/revisions\/8336"}],"wp:featuredmedia":[{"embeddable":true,"href":"https:\/\/iluminaciontheus.com\/index.php\/wp-json\/wp\/v2\/media\/8371"}],"wp:attachment":[{"href":"https:\/\/iluminaciontheus.com\/index.php\/wp-json\/wp\/v2\/media?parent=8229"}],"wp:term":[{"taxonomy":"product_brand","embeddable":true,"href":"https:\/\/iluminaciontheus.com\/index.php\/wp-json\/wp\/v2\/product_brand?post=8229"},{"taxonomy":"product_cat","embeddable":true,"href":"https:\/\/iluminaciontheus.com\/index.php\/wp-json\/wp\/v2\/product_cat?post=8229"},{"taxonomy":"product_tag","embeddable":true,"href":"https:\/\/iluminaciontheus.com\/index.php\/wp-json\/wp\/v2\/product_tag?post=8229"}],"curies":[{"name":"wp","href":"https:\/\/api.w.org\/{rel}","templated":true}]}}