{"id":8246,"date":"2023-05-16T14:20:04","date_gmt":"2023-05-16T14:20:04","guid":{"rendered":"https:\/\/iluminaciontheus.com\/?post_type=product&#038;p=8246"},"modified":"2023-06-01T12:45:16","modified_gmt":"2023-06-01T12:45:16","slug":"theus-ii","status":"publish","type":"product","link":"https:\/\/iluminaciontheus.com\/index.php\/producto\/theus-ii\/","title":{"rendered":"Theu\u00b4s II"},"content":{"rendered":"","protected":false},"excerpt":{"rendered":"<div class=\"texto-productos-subtitulo\">L\u00e1mpara quir\u00fargica<\/div>\n<div class=\"texto-productos\">Es un equipo apto para la iluminaci\u00f3n del campo quir\u00fargico en cirug\u00eda humana en general, veterinaria y odontol\u00f3gica.<\/div>\n<div class=\"texto-productos\">Es un sistema multifoco, dado por una bater\u00eda de 80 leds. Est\u00e1 dise\u00f1ada aprovechando la altas prestaciones de \u00faltima generaci\u00f3n de los LEDs de alta potencia, que permiten obtener una excelente calidad de luz, sin elevar la temperatura en el campo ni en el sector de la cabeza del profesional.<\/div>\n<p>&nbsp;<\/p>\n<p>&nbsp;<\/p>\n<div class=\"descargar-folleto\"><a class=\"descargar-folleto-text\" href=\"https:\/\/iluminaciontheus.com\/folletos\/FOLLETO-TII.pdf\" target=\"_blank\" rel=\"noopener\">Descargar Folleto<\/a><\/div>\n","protected":false},"featured_media":8366,"template":"","meta":[],"product_brand":[],"product_cat":[15],"product_tag":[],"class_list":{"0":"post-8246","1":"product","2":"type-product","3":"status-publish","4":"has-post-thumbnail","6":"product_cat-sin-categorizar","9":"instock","10":"shipping-taxable","11":"product-type-simple"},"yoast_head":"<!-- This site is optimized with the Yoast SEO plugin v27.5 - https:\/\/yoast.com\/product\/yoast-seo-wordpress\/ -->\n<title>Theu\u00b4s II - Theus<\/title>\n<meta name=\"robots\" content=\"index, follow, max-snippet:-1, max-image-preview:large, max-video-preview:-1\" \/>\n<link rel=\"canonical\" href=\"https:\/\/iluminaciontheus.com\/index.php\/producto\/theus-ii\/\" \/>\n<meta property=\"og:locale\" content=\"es_ES\" \/>\n<meta property=\"og:type\" content=\"article\" \/>\n<meta property=\"og:title\" content=\"Theu\u00b4s II - Theus\" \/>\n<meta property=\"og:description\" content=\"L\u00e1mpara quir\u00fargica Es un equipo apto para la iluminaci\u00f3n del campo quir\u00fargico en cirug\u00eda humana en general, veterinaria y odontol\u00f3gica. Es un sistema multifoco, dado por una bater\u00eda de 80 leds. Est\u00e1 dise\u00f1ada aprovechando la altas prestaciones de \u00faltima generaci\u00f3n de los LEDs de alta potencia, que permiten obtener una excelente calidad de luz, sin elevar la temperatura en el campo ni en el sector de la cabeza del profesional. &nbsp;  &nbsp; Descargar Folleto\" \/>\n<meta property=\"og:url\" content=\"https:\/\/iluminaciontheus.com\/index.php\/producto\/theus-ii\/\" \/>\n<meta property=\"og:site_name\" content=\"Theus\" \/>\n<meta property=\"article:modified_time\" content=\"2023-06-01T12:45:16+00:00\" \/>\n<meta property=\"og:image\" content=\"https:\/\/iluminaciontheus.com\/wp-content\/uploads\/2023\/05\/theus-II-portada.jpg\" \/>\n\t<meta property=\"og:image:width\" content=\"1200\" \/>\n\t<meta property=\"og:image:height\" content=\"1200\" \/>\n\t<meta property=\"og:image:type\" content=\"image\/jpeg\" \/>\n<meta name=\"twitter:card\" content=\"summary_large_image\" \/>\n<script type=\"application\/ld+json\" class=\"yoast-schema-graph\">{\"@context\":\"https:\\\/\\\/schema.org\",\"@graph\":[{\"@type\":\"WebPage\",\"@id\":\"https:\\\/\\\/iluminaciontheus.com\\\/index.php\\\/producto\\\/theus-ii\\\/\",\"url\":\"https:\\\/\\\/iluminaciontheus.com\\\/index.php\\\/producto\\\/theus-ii\\\/\",\"name\":\"Theu\u00b4s II - Theus\",\"isPartOf\":{\"@id\":\"https:\\\/\\\/iluminaciontheus.com\\\/#website\"},\"primaryImageOfPage\":{\"@id\":\"https:\\\/\\\/iluminaciontheus.com\\\/index.php\\\/producto\\\/theus-ii\\\/#primaryimage\"},\"image\":{\"@id\":\"https:\\\/\\\/iluminaciontheus.com\\\/index.php\\\/producto\\\/theus-ii\\\/#primaryimage\"},\"thumbnailUrl\":\"https:\\\/\\\/iluminaciontheus.com\\\/wp-content\\\/uploads\\\/2023\\\/05\\\/theus-II-portada.jpg\",\"datePublished\":\"2023-05-16T14:20:04+00:00\",\"dateModified\":\"2023-06-01T12:45:16+00:00\",\"breadcrumb\":{\"@id\":\"https:\\\/\\\/iluminaciontheus.com\\\/index.php\\\/producto\\\/theus-ii\\\/#breadcrumb\"},\"inLanguage\":\"es\",\"potentialAction\":[{\"@type\":\"ReadAction\",\"target\":[\"https:\\\/\\\/iluminaciontheus.com\\\/index.php\\\/producto\\\/theus-ii\\\/\"]}]},{\"@type\":\"ImageObject\",\"inLanguage\":\"es\",\"@id\":\"https:\\\/\\\/iluminaciontheus.com\\\/index.php\\\/producto\\\/theus-ii\\\/#primaryimage\",\"url\":\"https:\\\/\\\/iluminaciontheus.com\\\/wp-content\\\/uploads\\\/2023\\\/05\\\/theus-II-portada.jpg\",\"contentUrl\":\"https:\\\/\\\/iluminaciontheus.com\\\/wp-content\\\/uploads\\\/2023\\\/05\\\/theus-II-portada.jpg\",\"width\":1200,\"height\":1200},{\"@type\":\"BreadcrumbList\",\"@id\":\"https:\\\/\\\/iluminaciontheus.com\\\/index.php\\\/producto\\\/theus-ii\\\/#breadcrumb\",\"itemListElement\":[{\"@type\":\"ListItem\",\"position\":1,\"name\":\"Portada\",\"item\":\"https:\\\/\\\/iluminaciontheus.com\\\/\"},{\"@type\":\"ListItem\",\"position\":2,\"name\":\"Productos M\u00e9dicos\",\"item\":\"https:\\\/\\\/iluminaciontheus.com\\\/index.php\\\/productos\\\/\"},{\"@type\":\"ListItem\",\"position\":3,\"name\":\"Theu\u00b4s II\"}]},{\"@type\":\"WebSite\",\"@id\":\"https:\\\/\\\/iluminaciontheus.com\\\/#website\",\"url\":\"https:\\\/\\\/iluminaciontheus.com\\\/\",\"name\":\"Theus\",\"description\":\"\",\"potentialAction\":[{\"@type\":\"SearchAction\",\"target\":{\"@type\":\"EntryPoint\",\"urlTemplate\":\"https:\\\/\\\/iluminaciontheus.com\\\/?s={search_term_string}\"},\"query-input\":{\"@type\":\"PropertyValueSpecification\",\"valueRequired\":true,\"valueName\":\"search_term_string\"}}],\"inLanguage\":\"es\"}]}<\/script>\n<!-- \/ Yoast SEO plugin. -->","yoast_head_json":{"title":"Theu\u00b4s II - Theus","robots":{"index":"index","follow":"follow","max-snippet":"max-snippet:-1","max-image-preview":"max-image-preview:large","max-video-preview":"max-video-preview:-1"},"canonical":"https:\/\/iluminaciontheus.com\/index.php\/producto\/theus-ii\/","og_locale":"es_ES","og_type":"article","og_title":"Theu\u00b4s II - Theus","og_description":"L\u00e1mpara quir\u00fargica Es un equipo apto para la iluminaci\u00f3n del campo quir\u00fargico en cirug\u00eda humana en general, veterinaria y odontol\u00f3gica. Es un sistema multifoco, dado por una bater\u00eda de 80 leds. Est\u00e1 dise\u00f1ada aprovechando la altas prestaciones de \u00faltima generaci\u00f3n de los LEDs de alta potencia, que permiten obtener una excelente calidad de luz, sin elevar la temperatura en el campo ni en el sector de la cabeza del profesional. &nbsp;  &nbsp; Descargar Folleto","og_url":"https:\/\/iluminaciontheus.com\/index.php\/producto\/theus-ii\/","og_site_name":"Theus","article_modified_time":"2023-06-01T12:45:16+00:00","og_image":[{"width":1200,"height":1200,"url":"https:\/\/iluminaciontheus.com\/wp-content\/uploads\/2023\/05\/theus-II-portada.jpg","type":"image\/jpeg"}],"twitter_card":"summary_large_image","schema":{"@context":"https:\/\/schema.org","@graph":[{"@type":"WebPage","@id":"https:\/\/iluminaciontheus.com\/index.php\/producto\/theus-ii\/","url":"https:\/\/iluminaciontheus.com\/index.php\/producto\/theus-ii\/","name":"Theu\u00b4s II - Theus","isPartOf":{"@id":"https:\/\/iluminaciontheus.com\/#website"},"primaryImageOfPage":{"@id":"https:\/\/iluminaciontheus.com\/index.php\/producto\/theus-ii\/#primaryimage"},"image":{"@id":"https:\/\/iluminaciontheus.com\/index.php\/producto\/theus-ii\/#primaryimage"},"thumbnailUrl":"https:\/\/iluminaciontheus.com\/wp-content\/uploads\/2023\/05\/theus-II-portada.jpg","datePublished":"2023-05-16T14:20:04+00:00","dateModified":"2023-06-01T12:45:16+00:00","breadcrumb":{"@id":"https:\/\/iluminaciontheus.com\/index.php\/producto\/theus-ii\/#breadcrumb"},"inLanguage":"es","potentialAction":[{"@type":"ReadAction","target":["https:\/\/iluminaciontheus.com\/index.php\/producto\/theus-ii\/"]}]},{"@type":"ImageObject","inLanguage":"es","@id":"https:\/\/iluminaciontheus.com\/index.php\/producto\/theus-ii\/#primaryimage","url":"https:\/\/iluminaciontheus.com\/wp-content\/uploads\/2023\/05\/theus-II-portada.jpg","contentUrl":"https:\/\/iluminaciontheus.com\/wp-content\/uploads\/2023\/05\/theus-II-portada.jpg","width":1200,"height":1200},{"@type":"BreadcrumbList","@id":"https:\/\/iluminaciontheus.com\/index.php\/producto\/theus-ii\/#breadcrumb","itemListElement":[{"@type":"ListItem","position":1,"name":"Portada","item":"https:\/\/iluminaciontheus.com\/"},{"@type":"ListItem","position":2,"name":"Productos M\u00e9dicos","item":"https:\/\/iluminaciontheus.com\/index.php\/productos\/"},{"@type":"ListItem","position":3,"name":"Theu\u00b4s II"}]},{"@type":"WebSite","@id":"https:\/\/iluminaciontheus.com\/#website","url":"https:\/\/iluminaciontheus.com\/","name":"Theus","description":"","potentialAction":[{"@type":"SearchAction","target":{"@type":"EntryPoint","urlTemplate":"https:\/\/iluminaciontheus.com\/?s={search_term_string}"},"query-input":{"@type":"PropertyValueSpecification","valueRequired":true,"valueName":"search_term_string"}}],"inLanguage":"es"}]}},"_links":{"self":[{"href":"https:\/\/iluminaciontheus.com\/index.php\/wp-json\/wp\/v2\/product\/8246","targetHints":{"allow":["GET"]}}],"collection":[{"href":"https:\/\/iluminaciontheus.com\/index.php\/wp-json\/wp\/v2\/product"}],"about":[{"href":"https:\/\/iluminaciontheus.com\/index.php\/wp-json\/wp\/v2\/types\/product"}],"version-history":[{"count":1,"href":"https:\/\/iluminaciontheus.com\/index.php\/wp-json\/wp\/v2\/product\/8246\/revisions"}],"predecessor-version":[{"id":8335,"href":"https:\/\/iluminaciontheus.com\/index.php\/wp-json\/wp\/v2\/product\/8246\/revisions\/8335"}],"wp:featuredmedia":[{"embeddable":true,"href":"https:\/\/iluminaciontheus.com\/index.php\/wp-json\/wp\/v2\/media\/8366"}],"wp:attachment":[{"href":"https:\/\/iluminaciontheus.com\/index.php\/wp-json\/wp\/v2\/media?parent=8246"}],"wp:term":[{"taxonomy":"product_brand","embeddable":true,"href":"https:\/\/iluminaciontheus.com\/index.php\/wp-json\/wp\/v2\/product_brand?post=8246"},{"taxonomy":"product_cat","embeddable":true,"href":"https:\/\/iluminaciontheus.com\/index.php\/wp-json\/wp\/v2\/product_cat?post=8246"},{"taxonomy":"product_tag","embeddable":true,"href":"https:\/\/iluminaciontheus.com\/index.php\/wp-json\/wp\/v2\/product_tag?post=8246"}],"curies":[{"name":"wp","href":"https:\/\/api.w.org\/{rel}","templated":true}]}}