{"id":8655,"date":"2023-06-07T14:31:18","date_gmt":"2023-06-07T14:31:18","guid":{"rendered":"https:\/\/iluminaciontheus.com\/?post_type=product&#038;p=8655"},"modified":"2023-06-15T18:46:21","modified_gmt":"2023-06-15T18:46:21","slug":"equipos-especiales","status":"publish","type":"product","link":"https:\/\/iluminaciontheus.com\/index.php\/producto\/equipos-especiales\/","title":{"rendered":"Equipos especiales"},"content":{"rendered":"","protected":false},"excerpt":{"rendered":"<div class=\"texto-productos-subtitulo\">Sistema aut\u00f3nomo de respaldo<\/div>\n<div class=\"texto-productos\">La UPS online, es un equipo de respaldo, que al producirse una interrupci\u00f3n del servicio el\u00e9ctrico, genera autom\u00e1tica e instant\u00e1neamente energ\u00eda de 220V y 60Hz, desde las bater\u00edas hacia nuestros equipos, manteniendo el funcionamiento sin interrupciones. Las mismas son aplicables a todas nuestras versiones de l\u00e1mparas.<\/div>\n<div class=\"texto-productos\">La durabilidad est\u00e1 relacionada a la potencia de la UPS y al consumo de la l\u00e1mpara.<\/div>\n<div class=\"texto-productos\">Disponibles en versiones de 1KVA y 2KVA, incluyendo display digital, indicador sonoro de carga e indicador de fallas.<\/div>\n","protected":false},"featured_media":8656,"template":"","meta":[],"product_brand":[],"product_cat":[15],"product_tag":[],"class_list":{"0":"post-8655","1":"product","2":"type-product","3":"status-publish","4":"has-post-thumbnail","6":"product_cat-sin-categorizar","9":"instock","10":"shipping-taxable","11":"product-type-simple"},"yoast_head":"<!-- This site is optimized with the Yoast SEO plugin v27.6 - https:\/\/yoast.com\/product\/yoast-seo-wordpress\/ -->\n<title>Equipos especiales - Theus<\/title>\n<meta name=\"robots\" content=\"index, follow, max-snippet:-1, max-image-preview:large, max-video-preview:-1\" \/>\n<link rel=\"canonical\" href=\"https:\/\/iluminaciontheus.com\/index.php\/producto\/equipos-especiales\/\" \/>\n<meta property=\"og:locale\" content=\"es_ES\" \/>\n<meta property=\"og:type\" content=\"article\" \/>\n<meta property=\"og:title\" content=\"Equipos especiales - Theus\" \/>\n<meta property=\"og:description\" content=\"Sistema aut\u00f3nomo de respaldo  La UPS online, es un equipo de respaldo, que al producirse una interrupci\u00f3n del servicio el\u00e9ctrico, genera autom\u00e1tica e instant\u00e1neamente energ\u00eda de 220V y 60Hz, desde las bater\u00edas hacia nuestros equipos, manteniendo el funcionamiento sin interrupciones. Las mismas son aplicables a todas nuestras versiones de l\u00e1mparas.  La durabilidad est\u00e1 relacionada a la potencia de la UPS y al consumo de la l\u00e1mpara.  Disponibles en versiones de 1KVA y 2KVA, incluyendo display digital, indicador sonoro de carga e indicador de fallas.\" \/>\n<meta property=\"og:url\" content=\"https:\/\/iluminaciontheus.com\/index.php\/producto\/equipos-especiales\/\" \/>\n<meta property=\"og:site_name\" content=\"Theus\" \/>\n<meta property=\"article:modified_time\" content=\"2023-06-15T18:46:21+00:00\" \/>\n<meta property=\"og:image\" content=\"https:\/\/iluminaciontheus.com\/wp-content\/uploads\/2023\/06\/especiales-01.jpg\" \/>\n\t<meta property=\"og:image:width\" content=\"1200\" \/>\n\t<meta property=\"og:image:height\" content=\"1200\" \/>\n\t<meta property=\"og:image:type\" content=\"image\/jpeg\" \/>\n<meta name=\"twitter:card\" content=\"summary_large_image\" \/>\n<script type=\"application\/ld+json\" class=\"yoast-schema-graph\">{\"@context\":\"https:\\\/\\\/schema.org\",\"@graph\":[{\"@type\":\"WebPage\",\"@id\":\"https:\\\/\\\/iluminaciontheus.com\\\/index.php\\\/producto\\\/equipos-especiales\\\/\",\"url\":\"https:\\\/\\\/iluminaciontheus.com\\\/index.php\\\/producto\\\/equipos-especiales\\\/\",\"name\":\"Equipos especiales - Theus\",\"isPartOf\":{\"@id\":\"https:\\\/\\\/iluminaciontheus.com\\\/#website\"},\"primaryImageOfPage\":{\"@id\":\"https:\\\/\\\/iluminaciontheus.com\\\/index.php\\\/producto\\\/equipos-especiales\\\/#primaryimage\"},\"image\":{\"@id\":\"https:\\\/\\\/iluminaciontheus.com\\\/index.php\\\/producto\\\/equipos-especiales\\\/#primaryimage\"},\"thumbnailUrl\":\"https:\\\/\\\/iluminaciontheus.com\\\/wp-content\\\/uploads\\\/2023\\\/06\\\/especiales-01.jpg\",\"datePublished\":\"2023-06-07T14:31:18+00:00\",\"dateModified\":\"2023-06-15T18:46:21+00:00\",\"breadcrumb\":{\"@id\":\"https:\\\/\\\/iluminaciontheus.com\\\/index.php\\\/producto\\\/equipos-especiales\\\/#breadcrumb\"},\"inLanguage\":\"es\",\"potentialAction\":[{\"@type\":\"ReadAction\",\"target\":[\"https:\\\/\\\/iluminaciontheus.com\\\/index.php\\\/producto\\\/equipos-especiales\\\/\"]}]},{\"@type\":\"ImageObject\",\"inLanguage\":\"es\",\"@id\":\"https:\\\/\\\/iluminaciontheus.com\\\/index.php\\\/producto\\\/equipos-especiales\\\/#primaryimage\",\"url\":\"https:\\\/\\\/iluminaciontheus.com\\\/wp-content\\\/uploads\\\/2023\\\/06\\\/especiales-01.jpg\",\"contentUrl\":\"https:\\\/\\\/iluminaciontheus.com\\\/wp-content\\\/uploads\\\/2023\\\/06\\\/especiales-01.jpg\",\"width\":1200,\"height\":1200},{\"@type\":\"BreadcrumbList\",\"@id\":\"https:\\\/\\\/iluminaciontheus.com\\\/index.php\\\/producto\\\/equipos-especiales\\\/#breadcrumb\",\"itemListElement\":[{\"@type\":\"ListItem\",\"position\":1,\"name\":\"Portada\",\"item\":\"https:\\\/\\\/iluminaciontheus.com\\\/\"},{\"@type\":\"ListItem\",\"position\":2,\"name\":\"Productos M\u00e9dicos\",\"item\":\"https:\\\/\\\/iluminaciontheus.com\\\/index.php\\\/productos\\\/\"},{\"@type\":\"ListItem\",\"position\":3,\"name\":\"Equipos especiales\"}]},{\"@type\":\"WebSite\",\"@id\":\"https:\\\/\\\/iluminaciontheus.com\\\/#website\",\"url\":\"https:\\\/\\\/iluminaciontheus.com\\\/\",\"name\":\"Theus\",\"description\":\"\",\"potentialAction\":[{\"@type\":\"SearchAction\",\"target\":{\"@type\":\"EntryPoint\",\"urlTemplate\":\"https:\\\/\\\/iluminaciontheus.com\\\/?s={search_term_string}\"},\"query-input\":{\"@type\":\"PropertyValueSpecification\",\"valueRequired\":true,\"valueName\":\"search_term_string\"}}],\"inLanguage\":\"es\"}]}<\/script>\n<!-- \/ Yoast SEO plugin. -->","yoast_head_json":{"title":"Equipos especiales - Theus","robots":{"index":"index","follow":"follow","max-snippet":"max-snippet:-1","max-image-preview":"max-image-preview:large","max-video-preview":"max-video-preview:-1"},"canonical":"https:\/\/iluminaciontheus.com\/index.php\/producto\/equipos-especiales\/","og_locale":"es_ES","og_type":"article","og_title":"Equipos especiales - Theus","og_description":"Sistema aut\u00f3nomo de respaldo  La UPS online, es un equipo de respaldo, que al producirse una interrupci\u00f3n del servicio el\u00e9ctrico, genera autom\u00e1tica e instant\u00e1neamente energ\u00eda de 220V y 60Hz, desde las bater\u00edas hacia nuestros equipos, manteniendo el funcionamiento sin interrupciones. Las mismas son aplicables a todas nuestras versiones de l\u00e1mparas.  La durabilidad est\u00e1 relacionada a la potencia de la UPS y al consumo de la l\u00e1mpara.  Disponibles en versiones de 1KVA y 2KVA, incluyendo display digital, indicador sonoro de carga e indicador de fallas.","og_url":"https:\/\/iluminaciontheus.com\/index.php\/producto\/equipos-especiales\/","og_site_name":"Theus","article_modified_time":"2023-06-15T18:46:21+00:00","og_image":[{"width":1200,"height":1200,"url":"https:\/\/iluminaciontheus.com\/wp-content\/uploads\/2023\/06\/especiales-01.jpg","type":"image\/jpeg"}],"twitter_card":"summary_large_image","schema":{"@context":"https:\/\/schema.org","@graph":[{"@type":"WebPage","@id":"https:\/\/iluminaciontheus.com\/index.php\/producto\/equipos-especiales\/","url":"https:\/\/iluminaciontheus.com\/index.php\/producto\/equipos-especiales\/","name":"Equipos especiales - Theus","isPartOf":{"@id":"https:\/\/iluminaciontheus.com\/#website"},"primaryImageOfPage":{"@id":"https:\/\/iluminaciontheus.com\/index.php\/producto\/equipos-especiales\/#primaryimage"},"image":{"@id":"https:\/\/iluminaciontheus.com\/index.php\/producto\/equipos-especiales\/#primaryimage"},"thumbnailUrl":"https:\/\/iluminaciontheus.com\/wp-content\/uploads\/2023\/06\/especiales-01.jpg","datePublished":"2023-06-07T14:31:18+00:00","dateModified":"2023-06-15T18:46:21+00:00","breadcrumb":{"@id":"https:\/\/iluminaciontheus.com\/index.php\/producto\/equipos-especiales\/#breadcrumb"},"inLanguage":"es","potentialAction":[{"@type":"ReadAction","target":["https:\/\/iluminaciontheus.com\/index.php\/producto\/equipos-especiales\/"]}]},{"@type":"ImageObject","inLanguage":"es","@id":"https:\/\/iluminaciontheus.com\/index.php\/producto\/equipos-especiales\/#primaryimage","url":"https:\/\/iluminaciontheus.com\/wp-content\/uploads\/2023\/06\/especiales-01.jpg","contentUrl":"https:\/\/iluminaciontheus.com\/wp-content\/uploads\/2023\/06\/especiales-01.jpg","width":1200,"height":1200},{"@type":"BreadcrumbList","@id":"https:\/\/iluminaciontheus.com\/index.php\/producto\/equipos-especiales\/#breadcrumb","itemListElement":[{"@type":"ListItem","position":1,"name":"Portada","item":"https:\/\/iluminaciontheus.com\/"},{"@type":"ListItem","position":2,"name":"Productos M\u00e9dicos","item":"https:\/\/iluminaciontheus.com\/index.php\/productos\/"},{"@type":"ListItem","position":3,"name":"Equipos especiales"}]},{"@type":"WebSite","@id":"https:\/\/iluminaciontheus.com\/#website","url":"https:\/\/iluminaciontheus.com\/","name":"Theus","description":"","potentialAction":[{"@type":"SearchAction","target":{"@type":"EntryPoint","urlTemplate":"https:\/\/iluminaciontheus.com\/?s={search_term_string}"},"query-input":{"@type":"PropertyValueSpecification","valueRequired":true,"valueName":"search_term_string"}}],"inLanguage":"es"}]}},"_links":{"self":[{"href":"https:\/\/iluminaciontheus.com\/index.php\/wp-json\/wp\/v2\/product\/8655","targetHints":{"allow":["GET"]}}],"collection":[{"href":"https:\/\/iluminaciontheus.com\/index.php\/wp-json\/wp\/v2\/product"}],"about":[{"href":"https:\/\/iluminaciontheus.com\/index.php\/wp-json\/wp\/v2\/types\/product"}],"version-history":[{"count":1,"href":"https:\/\/iluminaciontheus.com\/index.php\/wp-json\/wp\/v2\/product\/8655\/revisions"}],"predecessor-version":[{"id":8660,"href":"https:\/\/iluminaciontheus.com\/index.php\/wp-json\/wp\/v2\/product\/8655\/revisions\/8660"}],"wp:featuredmedia":[{"embeddable":true,"href":"https:\/\/iluminaciontheus.com\/index.php\/wp-json\/wp\/v2\/media\/8656"}],"wp:attachment":[{"href":"https:\/\/iluminaciontheus.com\/index.php\/wp-json\/wp\/v2\/media?parent=8655"}],"wp:term":[{"taxonomy":"product_brand","embeddable":true,"href":"https:\/\/iluminaciontheus.com\/index.php\/wp-json\/wp\/v2\/product_brand?post=8655"},{"taxonomy":"product_cat","embeddable":true,"href":"https:\/\/iluminaciontheus.com\/index.php\/wp-json\/wp\/v2\/product_cat?post=8655"},{"taxonomy":"product_tag","embeddable":true,"href":"https:\/\/iluminaciontheus.com\/index.php\/wp-json\/wp\/v2\/product_tag?post=8655"}],"curies":[{"name":"wp","href":"https:\/\/api.w.org\/{rel}","templated":true}]}}